{"id":20,"date":"2012-01-24T08:43:19","date_gmt":"2012-01-24T08:43:19","guid":{"rendered":"http:\/\/www.creating4u.nl\/domaine\/?page_id=20"},"modified":"2026-01-28T09:18:06","modified_gmt":"2026-01-28T09:18:06","slug":"prices","status":"publish","type":"page","link":"https:\/\/www.domainedepradelle.com\/index.php\/prices\/","title":{"rendered":"<!--:de-->Preise<!--:--><!--:en-->Prices<!--:--><!--:fr-->Prix<!--:--><!--:nl-->Prijzen<!--:-->"},"content":{"rendered":"<p><!--:de--><strong>Reservierungen und preise 2026 <\/strong>pro Woche im Euro zum verbleiben, von Sammstag biss Sammstag. Sie konnen einchecken ab 15:00 und ausschecken biss zum 10:00<\/p>\n<p><span style=\"color: #ff0000;\"><strong style=\"font-size: inherit; color: #191e23;\"><span style=\"color: #ff0000;\"><br \/>\n<span style=\"color: #993300;\">AUSSERHALB DER HOCHSAISON<\/span><\/span><\/strong><span style=\"font-size: inherit; color: #993300;\">: K\u00f6nnen Sie sich auch f\u00fcr einen k\u00fcrzeren Aufenthalt von mindestens 3 N\u00e4chten entscheiden<\/span><\/span><\/p>\n<p><span style=\"color: #993300;\"><strong>KONTAKTIEREN SIE UNS F\u00dcR LAST-MINUTE-PREISE.<\/strong><\/span><\/p>\n<table width=\"248\">\n<tbody>\n<tr>\n<td width=\"120\">25 april t.m. 3 mei<\/td>\n<td width=\"64\">\u20ac 142<\/td>\n<td width=\"64\">p.n.<\/td>\n<\/tr>\n<tr>\n<td>Mai<\/td>\n<td>\u20ac 195<\/td>\n<td>p.n.<\/td>\n<\/tr>\n<tr>\n<td>Juni<\/td>\n<td>\u20ac 250<\/td>\n<td>p.n.<\/td>\n<\/tr>\n<tr>\n<td>July<\/td>\n<td>\u20ac 1.750<\/td>\n<td>p.w.<\/td>\n<\/tr>\n<tr>\n<td>August<\/td>\n<td>\u20ac 1.750<\/td>\n<td>p.w.<\/td>\n<\/tr>\n<tr>\n<td>September<\/td>\n<td>\u20ac 195<\/td>\n<td>p.n.<\/td>\n<\/tr>\n<\/tbody>\n<\/table>\n<p>Haustiere \u20ac 5,- pro nacht.<\/p>\n<p><strong style=\"font-size: inherit;\">Preise sind ohne reinigungskosten<\/strong><span style=\"font-size: inherit;\">\u00a0<\/span><strong style=\"font-size: inherit;\">und heizung.\u00a0Die Preise sind inklusiv:<\/strong><span style=\"font-size: inherit;\"> Bettbez\u00fcge, laken und kopfkissen unterf\u00e4llen K\u00fcchent\u00fccher, geschirrt\u00fccher und sp\u00fcllt\u00fccher. Handt\u00fccher Gas, wasser und strom Wifi Wir bieten Ihnen die M\u00f6glichkeit, w\u00e4hrend Ihres Urlaubs zu verwenden Reinigung, Kosten betragen \u20ac 20,00 pro Stunde. <\/span><strong style=\"font-size: inherit;\">25 % Anzahlung w\u00e4hrend der Buchung Kaution: 300 Euro, die Endreinigung a \u20ac60 und und Kurtaxe \u20ac 1,65 p.p.p.n. wird von der Kaution abgezogen werden.<\/strong><\/p>\n<p><strong><br \/>\n<!--:--><!--:en-->Reservations and prices for 2026<\/strong>\u00a0Prices are in euro&#8217;s and from Saturday until Saturday Based on your arrival after 15:00hr and departure before 10:00hr<\/p>\n<p><span style=\"color: #ff0000;\"><strong>CONTACT US FOR LAST MINUTE PRICES.<\/strong><\/span><\/p>\n<p><strong><span style=\"color: #ff0000;\">OUTSIDE THE HIGH SEASON<\/span><\/strong>: You can also opt for a shorter stay, minimum 3 nights<\/p>\n<table width=\"248\">\n<tbody>\n<tr>\n<td width=\"120\">25 april t.m. 3 mei<\/td>\n<td width=\"64\">\u20ac 142<\/td>\n<td width=\"64\">p.n.<\/td>\n<\/tr>\n<tr>\n<td>May<\/td>\n<td>\u20ac 195<\/td>\n<td>p.n.<\/td>\n<\/tr>\n<tr>\n<td>June<\/td>\n<td>\u20ac 250<\/td>\n<td>p.n.<\/td>\n<\/tr>\n<tr>\n<td>July<\/td>\n<td>\u20ac 1.750<\/td>\n<td>p.w.<\/td>\n<\/tr>\n<tr>\n<td>August<\/td>\n<td>\u20ac 1.750<\/td>\n<td>p.w.<\/td>\n<\/tr>\n<tr>\n<td>September<\/td>\n<td>\u20ac 195<\/td>\n<td>p.n.<\/td>\n<\/tr>\n<\/tbody>\n<\/table>\n<p><span style=\"font-size: inherit;\">Pets \u20ac 5,- per night<\/span><\/p>\n<p><strong>Prices do not include the final cleaning and central heating,<\/strong> Prices include: Coverlet covers, bed sheets, pillow sheets. Kitchen-towel, tea-cloth and dish-clots. Bath-towels. Gas, water and electricity. Free WiFi available\u00a0<b>.\u00a0<\/b>We offer to you the possibility to use our cleaning service during your holiday, additional costs of \u20ac 20,00 per hour will be charged. <strong>25% downpayment when booking. Deposit of 300 euros will be refunded at your departure, the final cleaning at \u20ac 60 and tourist tax \u20ac 1.65 p.p.p.n. will be deducted from the deposit<\/strong><\/p>\n<p><strong>BENEFITS OF DIRECT BOOKING;<\/strong><\/p>\n<ul>\n<li>We are reachable by phone 7 days a week<\/li>\n<li>You know what to expect, no unclear stories of middlemen \/ employees of rental sites, you talk directly with the landlord\/owner<\/li>\n<li>No hidden costs, unclear taxes or service costs which can run up to 30% or 40% of the actual rental price.<\/li>\n<li>Direct contact with the owner\/landlord, we speak several languages<br \/>\nWe speak Dutch, English, French and German<\/li>\n<li>Pay securely via bank, based on a clear invoice<br \/>\nPayable in two instalments, instead of everything at once !<\/li>\n<li>End-of-stay cleaning and Tourist tax are pre-stated in invoice<\/li>\n<li>Security deposit is \u20ac 300<br \/>\nDeposit will be returned within 7 days from our Bank to your Bank<\/li>\n<li>you can take a travel insurance yourself (wherever you want)<\/li>\n<li>The rental agreement is well-organized and provides both parties with protection<\/li>\n<li>5 Star reviews from all our international guests<\/li>\n<li>Over 10 years of experience with rental of our luxury holiday homes<\/li>\n<\/ul>\n<p><strong>[\/mt_one_half]<\/strong>\u00a0<a href=\"https:\/\/www.domainedepradelle.com\/wp\/wp-content\/uploads\/2012\/01\/cityjet-logo.png\" rel=\"wp-prettyPhoto[g20]\"><img loading=\"lazy\" decoding=\"async\" class=\"alignnone size-full wp-image-857\" title=\"cityjet-logo\" src=\"https:\/\/www.domainedepradelle.com\/wp\/wp-content\/uploads\/2012\/01\/cityjet-logo.png\" alt=\"\" width=\"276\" height=\"29\" \/><\/a> <a href=\"http:\/\/www.transavia.com\"><img loading=\"lazy\" decoding=\"async\" class=\"alignnone size-full wp-image-507\" title=\"transavia\" src=\"https:\/\/www.domainedepradelle.com\/wp\/wp-content\/uploads\/2012\/01\/transavia1.png\" alt=\"Fly to Bergerac with Transavia\" width=\"278\" height=\"66\" \/><\/a><\/p>\n<p><!--:--><!--:fr--><strong><br \/>\nR\u00e9servations et prix 2026 <\/strong>Les G\u00eetes par semaine de samedi jusqu&#8217;au samedi. Arriv\u00e9e apr\u00e8s 15:00 hr et d\u00e9part avant 10:00 hr.<\/p>\n<p><span style=\"color: #ff0000;\"><strong>CONTACTEZ-NOUS POUR LES PRIX DE DERNI\u00c8RE MINUTE.<\/strong><\/span><\/p>\n<p><strong><span style=\"color: #ff0000;\">HORS SAISON<\/span><\/strong>: Vous pouvez \u00e9galement opter pour un s\u00e9jour plus court, minimum 3 nuits.<\/p>\n<table width=\"248\">\n<tbody>\n<tr>\n<td width=\"120\">25 april t.m. 3 mei<\/td>\n<td width=\"64\">\u20ac 142<\/td>\n<td width=\"64\">p.n.<\/td>\n<\/tr>\n<tr>\n<td>Mai<\/td>\n<td>\u20ac 195<\/td>\n<td>p.n.<\/td>\n<\/tr>\n<tr>\n<td>Juin<\/td>\n<td>\u20ac 250<\/td>\n<td>p.n.<\/td>\n<\/tr>\n<tr>\n<td>Juilliet<\/td>\n<td>\u20ac 1.750<\/td>\n<td>p.s.<\/td>\n<\/tr>\n<tr>\n<td>Aout<\/td>\n<td>\u20ac 1.750<\/td>\n<td>p.s.<\/td>\n<\/tr>\n<tr>\n<td>Septembre<\/td>\n<td>\u20ac 195<\/td>\n<td>p.n.<\/td>\n<\/tr>\n<\/tbody>\n<\/table>\n<p><strong style=\"font-size: inherit;\">Animaux \u20ac 5,- par nuit<\/strong><\/p>\n<p><strong style=\"font-size: inherit;\">Les prix ne comprennent pas les frais de nettoyage et chauffage.<\/strong><span style=\"font-size: inherit;\"> Les prix incluent: Housses de couette, draps et taies d&#8217;oreiller. Essuie-main, essuie-verres et chiffons. Serviettes. Gaz, eau et lumi\u00e8re. WiFi. Nous vous offrons la possibilit\u00e9, pendant vos vacances d&#8217;avoir recours \u00e0 une femme de m\u00e9nage, les frais sont de \u20ac 20,00 par heure. <\/span><strong style=\"font-size: inherit;\">25% d&#8217;arrhes \u00e0 la r\u00e9servation. Caution EUR 300, \u00e0 rembourser avant le d\u00e9part, frais de nettoyage final \u20ac 60 et \u20ac 1.65 taxe de sejour p.p.p.n. sera d\u00e9duit de la caution. <\/strong>Animaux domestiques PAS admis<\/p>\n<p><!--:--><!--:nl--><strong><br \/>\nReserveringen en prijzen 2026<\/strong>\u00a0De prijzen zijn per week van Zaterdag tot Zaterdag. *Gebaseerd op uw aankomst na 15:00 uur &#8212; en uw vertrek voor 10:00 uur.<\/p>\n<p><strong><span style=\"color: #ff0000;\">BUITEN HET HOOGSEIZOEN<\/span><\/strong>: Kunt u er ook voor kiezen voor een korter verblijf, minimaal 3 nachten<\/p>\n<p><span style=\"color: #ff0000;\"><strong>NEEM CONTACT OP MET ONS VOOR LAST MINUTE PRIJZEN.<\/strong><\/span><\/p>\n<table width=\"248\">\n<tbody>\n<tr>\n<td width=\"120\">25 april t.m. 3 mei<\/td>\n<td width=\"64\">\u20ac 142<\/td>\n<td width=\"64\">p.n.<\/td>\n<\/tr>\n<tr>\n<td>Mei<\/td>\n<td>\u20ac 195<\/td>\n<td>p.n.<\/td>\n<\/tr>\n<tr>\n<td>Juni<\/td>\n<td>\u20ac 250<\/td>\n<td>p.n.<\/td>\n<\/tr>\n<tr>\n<td>July<\/td>\n<td>\u20ac 1.750<\/td>\n<td>p.w.<\/td>\n<\/tr>\n<tr>\n<td>Augustus<\/td>\n<td>\u20ac 1.750<\/td>\n<td>p.w.<\/td>\n<\/tr>\n<tr>\n<td>September<\/td>\n<td>\u20ac 195<\/td>\n<td>p.n.<\/td>\n<\/tr>\n<\/tbody>\n<\/table>\n<p><strong style=\"font-size: inherit;\"><span style=\"text-decoration: underline;\">Prijzen zijn exclusief de kosten van de eind-schoonmaak en centrale verwarming: <\/span><\/strong><span style=\"font-size: inherit;\">De eindschoonmaak\u00a0 \u00e0 \u20ac 60,-\u00a0 en toeristenbelasting van \u20ac 1.65 p.p.p.n. zal achteraf met de waarborg worden verrekend. <\/span>Prijzen zijn inclusief: Dekbedhoezen, onderlakens en kussenslopen, Keukendoeken, theedoeken en vaatdoeken, Badhanddoeken, Inclusief gas, water, elektriciteit, gebruik van Flat screen TV. En gratis gebruik Wi-Fi, Kinderledikantje en kinderstoel en kinderbox zijn aanwezig.<\/p>\n<p><strong><span style=\"text-decoration: underline;\">Waarborgsom: <\/span><\/strong>Waarborgsom bedraagt 300 euro gelieve contant te betalen bij aankomst. Terug te ontvangen minus vernoemde \u00a0eindschoonmaakkosten bij vertrek ( zie ook onze huurovereenkomst )<br \/>\n<strong><span style=\"text-decoration: underline;\">Huisdieren: <\/span><\/strong>\u20ac 5,- per nacht<br \/>\n<strong><span style=\"text-decoration: underline;\">Betalingscondities <\/span><\/strong>25 % aanbetaling bij boeking middels onze standaard huurovereenkomst en factuur. De resterende 75% dient minimaal 6 weken voor aankomst te zijn voldaan<\/p>\n<p><strong>VOORDELEN VAN RECHTSTREEKS BOEKEN;<\/strong><br \/>\nU weet waar u aan toe bent:<br \/>\n1. Geen onduidelijke opslag of servicekosten die kunnen oplopen tot wel 30% van de werkelijke verhuurprijs.<br \/>\n2. Rechtstreeks contact met de eigenaar\/verhuurder.<br \/>\n3. Veilig betalen via facturering.<br \/>\n4. Schoonmaakkosten worden vooraf vermeld in factuur<br \/>\n5. Borg na 7 dagen retour via uw bank<br \/>\n6. U sluit zelf (indien gewenst) uw reisverzekering af waardoor u vrij bent in uw keuze en rechtstreeks contact heeft met uw verzekeraar<br \/>\n7. Contractuele overeenkomst is overzichtelijk en biedt beide partijen bescherming<br \/>\n8. 10 jaar ervaring met verhuur 5 sterren<\/p>\n<p><a href=\"https:\/\/www.domainedepradelle.com\/wp\/wp-content\/uploads\/2012\/01\/cityjet-logo.png\" rel=\"wp-prettyPhoto[g20]\"><img loading=\"lazy\" decoding=\"async\" title=\"cityjet-logo\" src=\"https:\/\/www.domainedepradelle.com\/wp\/wp-content\/uploads\/2012\/01\/cityjet-logo.png\" alt=\"\" width=\"276\" height=\"29\" \/><\/a>\u00a0<a href=\"http:\/\/www.cityjet.com\">\u00a0<\/a><a href=\"http:\/\/www.transavia.com\"><img loading=\"lazy\" decoding=\"async\" title=\"transavia\" src=\"https:\/\/www.domainedepradelle.com\/wp\/wp-content\/uploads\/2012\/01\/transavia1.png\" alt=\"Fly to Bergerac with Transavia\" width=\"278\" height=\"66\" \/><\/a><\/p>\n<p><!--:--><\/p>\n","protected":false},"excerpt":{"rendered":"<p>Reservierungen und preise 2026 pro Woche im Euro zum verbleiben, von Sammstag biss Sammstag. Sie konnen einchecken ab 15:00 und ausschecken biss zum 10:00 AUSSERHALB DER HOCHSAISON: K\u00f6nnen Sie sich auch f\u00fcr einen k\u00fcrzeren Aufenthalt von mindestens 3 N\u00e4chten entscheiden &hellip; <a href=\"https:\/\/www.domainedepradelle.com\/index.php\/prices\/\">Continue reading <span class=\"meta-nav\">&rarr;<\/span><\/a><\/p>\n","protected":false},"author":1,"featured_media":0,"parent":0,"menu_order":0,"comment_status":"open","ping_status":"open","template":"template-page-with-slider.php","meta":{"footnotes":""},"class_list":["post-20","page","type-page","status-publish","hentry"],"_links":{"self":[{"href":"https:\/\/www.domainedepradelle.com\/index.php\/wp-json\/wp\/v2\/pages\/20","targetHints":{"allow":["GET"]}}],"collection":[{"href":"https:\/\/www.domainedepradelle.com\/index.php\/wp-json\/wp\/v2\/pages"}],"about":[{"href":"https:\/\/www.domainedepradelle.com\/index.php\/wp-json\/wp\/v2\/types\/page"}],"author":[{"embeddable":true,"href":"https:\/\/www.domainedepradelle.com\/index.php\/wp-json\/wp\/v2\/users\/1"}],"replies":[{"embeddable":true,"href":"https:\/\/www.domainedepradelle.com\/index.php\/wp-json\/wp\/v2\/comments?post=20"}],"version-history":[{"count":222,"href":"https:\/\/www.domainedepradelle.com\/index.php\/wp-json\/wp\/v2\/pages\/20\/revisions"}],"predecessor-version":[{"id":1254,"href":"https:\/\/www.domainedepradelle.com\/index.php\/wp-json\/wp\/v2\/pages\/20\/revisions\/1254"}],"wp:attachment":[{"href":"https:\/\/www.domainedepradelle.com\/index.php\/wp-json\/wp\/v2\/media?parent=20"}],"curies":[{"name":"wp","href":"https:\/\/api.w.org\/{rel}","templated":true}]}}