{"id":208,"date":"2012-02-15T12:15:47","date_gmt":"2012-02-15T12:15:47","guid":{"rendered":"http:\/\/www.creating4u.nl\/domaine\/?page_id=208"},"modified":"2013-02-26T10:00:53","modified_gmt":"2013-02-26T10:00:53","slug":"perigord","status":"publish","type":"page","link":"https:\/\/www.domainedepradelle.com\/index.php\/the-surroundings\/perigord\/","title":{"rendered":"Perigord"},"content":{"rendered":"<p><!--:de-->Perigord ist ein Land<br \/>\nOhne viele Worte &#8211; ein wundersch\u00f6nes Land. Alle Poesie oder Literatur kann dies nicht treffender ausdr\u00fccken.<br \/>\nPerigord ist sich bewu\u00dft, da\u00df es seine Landschaften und Erzeugnisse der Tatsache verdankt, da\u00df der Sch\u00f6pfer hier etwas mehr Phantasie und Feinf\u00fchligkeit walten lie\u00df als anderswo.<\/p>\n\n\t\t<style type=\"text\/css\">\n\t\t\t#gallery-1 {\n\t\t\t\tmargin: auto;\n\t\t\t}\n\t\t\t#gallery-1 .gallery-item {\n\t\t\t\tfloat: left;\n\t\t\t\tmargin-top: 10px;\n\t\t\t\ttext-align: center;\n\t\t\t\twidth: 33%;\n\t\t\t}\n\t\t\t#gallery-1 img {\n\t\t\t\tborder: 2px solid #cfcfcf;\n\t\t\t}\n\t\t\t#gallery-1 .gallery-caption {\n\t\t\t\tmargin-left: 0;\n\t\t\t}\n\t\t\t\/* see gallery_shortcode() in wp-includes\/media.php *\/\n\t\t<\/style>\n\t\t<div id='gallery-1' class='gallery galleryid-208 gallery-columns-3 gallery-size-thumbnail'><dl class='gallery-item'>\n\t\t\t<dt class='gallery-icon landscape'>\n\t\t\t\t<a href='https:\/\/www.domainedepradelle.com\/index.php\/the-surroundings\/perigord\/attachment\/1\/'><img loading=\"lazy\" decoding=\"async\" width=\"150\" height=\"150\" src=\"https:\/\/www.domainedepradelle.com\/wp\/wp-content\/uploads\/2012\/02\/1-150x150.jpg\" class=\"attachment-thumbnail size-thumbnail\" alt=\"\" \/><\/a>\n\t\t\t<\/dt><\/dl><dl class='gallery-item'>\n\t\t\t<dt class='gallery-icon portrait'>\n\t\t\t\t<a href='https:\/\/www.domainedepradelle.com\/index.php\/the-surroundings\/perigord\/attachment\/2\/'><img loading=\"lazy\" decoding=\"async\" width=\"150\" height=\"150\" src=\"https:\/\/www.domainedepradelle.com\/wp\/wp-content\/uploads\/2012\/02\/2-150x150.jpg\" class=\"attachment-thumbnail size-thumbnail\" alt=\"\" \/><\/a>\n\t\t\t<\/dt><\/dl><dl class='gallery-item'>\n\t\t\t<dt class='gallery-icon portrait'>\n\t\t\t\t<a href='https:\/\/www.domainedepradelle.com\/index.php\/the-surroundings\/perigord\/attachment\/3\/'><img loading=\"lazy\" decoding=\"async\" width=\"150\" height=\"150\" src=\"https:\/\/www.domainedepradelle.com\/wp\/wp-content\/uploads\/2012\/02\/3-150x150.jpg\" class=\"attachment-thumbnail size-thumbnail\" alt=\"\" \/><\/a>\n\t\t\t<\/dt><\/dl><br style=\"clear: both\" \/>\n\t\t<\/div>\n\n<p>Perigord ist beliebt<br \/>\nSelbst wenn die Region in den Sommermonaten sehr bev\u00f6lkert ist, bleibt gen\u00fcgend Platz f\u00fcr stimmungsvolle Sonnenunterg\u00e4nge auf ockerfarbenen Steinen, f\u00fcr Nachmittage an welchen man mit den F\u00fc\u00dfen im Wasser dem Gefl\u00fcster des Windes in den Pappelbl\u00e4ttern zuh\u00f6rt und f\u00fcr Spazierg\u00e4nge, Ausritte oder Radrundfahrten im Schatten von Kastanienb\u00e4umen.<br \/>\nNiemand ist daf\u00fcr geeigneter als diese Momente, ihnen von diesem Land mit seinen zahlreichen Facetten zu erz\u00e4hlen.<\/p>\n<p>Perigord ist authentisch<br \/>\nDieses Land hat es verstanden, das Wesentliche zu erhalten. Hier findet man die D\u00fcfte wieder, die die sch\u00f6nsten Erinnerungen wachrufen, Landschaften die den Kindertr\u00e4umen gleichen, Grotten die Wiege eines Teils der Menschheit waren. Von Zeit zu Zeit tut es ganz gut, neue Kraft zu sch\u00f6pfen und sich der wahren Werte zu besinnen. Die Fl\u00fcsse und Schl\u00f6sser, die reine Luft und die k\u00f6stlichen Gerichte sind dabei noch eine kleine Dreingabe.<\/p>\n\n\t\t<style type=\"text\/css\">\n\t\t\t#gallery-2 {\n\t\t\t\tmargin: auto;\n\t\t\t}\n\t\t\t#gallery-2 .gallery-item {\n\t\t\t\tfloat: left;\n\t\t\t\tmargin-top: 10px;\n\t\t\t\ttext-align: center;\n\t\t\t\twidth: 33%;\n\t\t\t}\n\t\t\t#gallery-2 img {\n\t\t\t\tborder: 2px solid #cfcfcf;\n\t\t\t}\n\t\t\t#gallery-2 .gallery-caption {\n\t\t\t\tmargin-left: 0;\n\t\t\t}\n\t\t\t\/* see gallery_shortcode() in wp-includes\/media.php *\/\n\t\t<\/style>\n\t\t<div id='gallery-2' class='gallery galleryid-208 gallery-columns-3 gallery-size-thumbnail'><dl class='gallery-item'>\n\t\t\t<dt class='gallery-icon portrait'>\n\t\t\t\t<a href='https:\/\/www.domainedepradelle.com\/index.php\/the-surroundings\/perigord\/attachment\/4\/'><img loading=\"lazy\" decoding=\"async\" width=\"150\" height=\"150\" src=\"https:\/\/www.domainedepradelle.com\/wp\/wp-content\/uploads\/2012\/02\/4-150x150.jpg\" class=\"attachment-thumbnail size-thumbnail\" alt=\"\" \/><\/a>\n\t\t\t<\/dt><\/dl><dl class='gallery-item'>\n\t\t\t<dt class='gallery-icon landscape'>\n\t\t\t\t<a href='https:\/\/www.domainedepradelle.com\/index.php\/the-surroundings\/perigord\/attachment\/5\/'><img loading=\"lazy\" decoding=\"async\" width=\"150\" height=\"150\" src=\"https:\/\/www.domainedepradelle.com\/wp\/wp-content\/uploads\/2012\/02\/5-150x150.jpg\" class=\"attachment-thumbnail size-thumbnail\" alt=\"\" \/><\/a>\n\t\t\t<\/dt><\/dl>\n\t\t\t<br style='clear: both' \/>\n\t\t<\/div>\n\n<p>Im Laufe dieser Seiten wird Ihnen vielleicht die Wahl schwerfallen, sich f\u00fcr eine Richtung zu entscheiden oder wie Sie dieses Land am besten genie\u00dfen m\u00f6chten. Folgen Sie Ihrer Intuition, denn hier findet jeder was das Herz begehrt!<br \/>\nMit einem Dach zum Schlafen \u00fcber dem Kopf sind Sie bereit, t\u00e4glich neue Seiten des Perigord zu entdecken, die sich dem Besucher ganz allm\u00e4hlich \u00f6ffnen.<br \/>\nDie Weiher und W\u00e4lder von Nontronnais, \u00fcber die Weinstra\u00dfen von Bergerac und Landstra\u00dfen von Sarlat: Hier wird einem die Zeit zu kurz!<br \/>\nUnd sollte Ihnen die gro\u00dfe Hitze des Sommers \u00fcber sein, so sind der Herbst und Fr\u00fchling herrliche Momente, um in die Stille der Gassen von Sarlat oder die Schl\u00f6sser, mit ihren dicken Mauern einzudringen. Die Saisonen ziehen langsam dahin und von Ostern bis Allerheiligen bietet die Farbpalette unseres Sch\u00f6pfers ausreichend Grund daf\u00fcr, hier einzuhalten. Und selbst der Winter, der manchmal so tr\u00fcb sein kann, l\u00e4\u00dft hier, am offenen Feuer eines gro\u00dfen, perigordischen Kamins eine wohlige Stimmung aufkommen, in der die Zeit stillzustehen scheint. Nutzen Sie diesen Blick in die Vergangenheit, um zu meditieren oder zu tr\u00e4umen, zu flanieren oder zu beobachten und&#8230;. ganz einfach&#8230; zu genie\u00dfen.<\/p>\n<p><a href=\"?page_id=208&amp;lang=de\">Perigord<\/a><br \/>\n<a href=\"?page_id=218&amp;lang=de\">Sarlat<\/a><br \/>\n<a href=\"?page_id=224&amp;lang=de\">Monpazier<\/a><br \/>\n<a href=\"?page_id=232&amp;lang=de\">Bergerac<\/a><br \/>\n<a href=\"?page_id=242&amp;lang=de\">Le Bugue<\/a><br \/>\n<a href=\"?page_id=253&amp;lang=de\">Perigueux<\/a><\/p>\n<p>Bron best-of-perigord.tm.fr<!--:--><!--:en-->Perigord is a whole world<br \/>\nA whole beautiful world. The rest is nothing but poetry or literature sometimes made of genius.<br \/>\nPerigord is aware that its scenery and regional products are the touch of The Creator with a lighter hand than elsewhere.<\/p>\n\n\t\t<style type=\"text\/css\">\n\t\t\t#gallery-3 {\n\t\t\t\tmargin: auto;\n\t\t\t}\n\t\t\t#gallery-3 .gallery-item {\n\t\t\t\tfloat: left;\n\t\t\t\tmargin-top: 10px;\n\t\t\t\ttext-align: center;\n\t\t\t\twidth: 33%;\n\t\t\t}\n\t\t\t#gallery-3 img {\n\t\t\t\tborder: 2px solid #cfcfcf;\n\t\t\t}\n\t\t\t#gallery-3 .gallery-caption {\n\t\t\t\tmargin-left: 0;\n\t\t\t}\n\t\t\t\/* see gallery_shortcode() in wp-includes\/media.php *\/\n\t\t<\/style>\n\t\t<div id='gallery-3' class='gallery galleryid-208 gallery-columns-3 gallery-size-thumbnail'><dl class='gallery-item'>\n\t\t\t<dt class='gallery-icon landscape'>\n\t\t\t\t<a href='https:\/\/www.domainedepradelle.com\/index.php\/the-surroundings\/perigord\/attachment\/1\/'><img loading=\"lazy\" decoding=\"async\" width=\"150\" height=\"150\" src=\"https:\/\/www.domainedepradelle.com\/wp\/wp-content\/uploads\/2012\/02\/1-150x150.jpg\" class=\"attachment-thumbnail size-thumbnail\" alt=\"\" \/><\/a>\n\t\t\t<\/dt><\/dl><dl class='gallery-item'>\n\t\t\t<dt class='gallery-icon portrait'>\n\t\t\t\t<a href='https:\/\/www.domainedepradelle.com\/index.php\/the-surroundings\/perigord\/attachment\/2\/'><img loading=\"lazy\" decoding=\"async\" width=\"150\" height=\"150\" src=\"https:\/\/www.domainedepradelle.com\/wp\/wp-content\/uploads\/2012\/02\/2-150x150.jpg\" class=\"attachment-thumbnail size-thumbnail\" alt=\"\" \/><\/a>\n\t\t\t<\/dt><\/dl><dl class='gallery-item'>\n\t\t\t<dt class='gallery-icon portrait'>\n\t\t\t\t<a href='https:\/\/www.domainedepradelle.com\/index.php\/the-surroundings\/perigord\/attachment\/3\/'><img loading=\"lazy\" decoding=\"async\" width=\"150\" height=\"150\" src=\"https:\/\/www.domainedepradelle.com\/wp\/wp-content\/uploads\/2012\/02\/3-150x150.jpg\" class=\"attachment-thumbnail size-thumbnail\" alt=\"\" \/><\/a>\n\t\t\t<\/dt><\/dl><br style=\"clear: both\" \/>\n\t\t<\/div>\n\n<p>Perigord is popular<br \/>\nEven when it bustles with visitors in the summer, there is still room for the sunsets on ochre stone, for afternoons spent listening to the song of a gentle breeze caressing the leaves of the poplar trees, for dabbling your feet in crystal waters, and for walks, horse-rides or bike-rides under the chestnut trees.<br \/>\nIt&#8217;s during moments like these that you&#8217;ll really come to understand this multi-faceted region.<\/p>\n<p>Perigord is a sanctuary<br \/>\nIt has managed to keep hold of the things that are important. It is filled with scents that will trigger your fondest memories, with landscapes that seem to be taken from children&#8217;s dreams, with caves that gave birth to a part of humanity. From time to time, it is nice to know that there is a place where you are sure to find the real beauty of the world. The rivers, ch\u00e2teaux, the clean air and fine food are an added advantage.<\/p>\n\n\t\t<style type=\"text\/css\">\n\t\t\t#gallery-4 {\n\t\t\t\tmargin: auto;\n\t\t\t}\n\t\t\t#gallery-4 .gallery-item {\n\t\t\t\tfloat: left;\n\t\t\t\tmargin-top: 10px;\n\t\t\t\ttext-align: center;\n\t\t\t\twidth: 33%;\n\t\t\t}\n\t\t\t#gallery-4 img {\n\t\t\t\tborder: 2px solid #cfcfcf;\n\t\t\t}\n\t\t\t#gallery-4 .gallery-caption {\n\t\t\t\tmargin-left: 0;\n\t\t\t}\n\t\t\t\/* see gallery_shortcode() in wp-includes\/media.php *\/\n\t\t<\/style>\n\t\t<div id='gallery-4' class='gallery galleryid-208 gallery-columns-3 gallery-size-thumbnail'><dl class='gallery-item'>\n\t\t\t<dt class='gallery-icon portrait'>\n\t\t\t\t<a href='https:\/\/www.domainedepradelle.com\/index.php\/the-surroundings\/perigord\/attachment\/4\/'><img loading=\"lazy\" decoding=\"async\" width=\"150\" height=\"150\" src=\"https:\/\/www.domainedepradelle.com\/wp\/wp-content\/uploads\/2012\/02\/4-150x150.jpg\" class=\"attachment-thumbnail size-thumbnail\" alt=\"\" \/><\/a>\n\t\t\t<\/dt><\/dl><dl class='gallery-item'>\n\t\t\t<dt class='gallery-icon landscape'>\n\t\t\t\t<a href='https:\/\/www.domainedepradelle.com\/index.php\/the-surroundings\/perigord\/attachment\/5\/'><img loading=\"lazy\" decoding=\"async\" width=\"150\" height=\"150\" src=\"https:\/\/www.domainedepradelle.com\/wp\/wp-content\/uploads\/2012\/02\/5-150x150.jpg\" class=\"attachment-thumbnail size-thumbnail\" alt=\"\" \/><\/a>\n\t\t\t<\/dt><\/dl>\n\t\t\t<br style='clear: both' \/>\n\t\t<\/div>\n\n<p>Over the next few pages, you may possibly have trouble deciding where to go, how to take in this region. Just listen to your own intuition! What we are ourselves should be our only guide.<\/p>\n<p>With a holiday cottage to stay in, there are new discoveries to be made every day in the 4 regions of Perigord &#8211; they&#8217;ve got endless pleasures in store for you.<br \/>\nFrom ponds and the Nontronnais forests, via the Bergeracois wine trails and Sarladais tracks. It&#8217;s going to take you a while to explore it all.<\/p>\n<p>And if the summer heat leaves you listless, autumn and spring are the times to wander through quiet streets of Sarlat or to find out what&#8217;s inside the thick walls of the region&#8217;s ch\u00e2teaux. The seasons roll by slowly and from Easter to the All Saints Day holidays, the range of colours used by The Great Painter in the Sky are enough of a reason to stop for a while in Perigord. And even winter, sometimes so grey, is different here \u2013 it is like a temple where time seems to stand still. Take a comfortable chair in front of a huge Perigordian fireplace. Open the pages of time to meditate or dream, stroll and observe\u2026 or just&#8230; love.<\/p>\n<p><a href=\"?page_id=208\">Perigord<\/a><br \/>\n<a href=\"?page_id=218\">Sarlat<\/a><br \/>\n<a href=\"?page_id=224\">Monpazier<\/a><br \/>\n<a href=\"?page_id=232\">Bergerac<\/a><br \/>\n<a href=\"?page_id=242\">Le Bugue<\/a><br \/>\n<a href=\"?page_id=253\">Perigueux<\/a><\/p>\n<p>Bron best-of-perigord.tm.fr<!--:--><!--:fr-->Le P\u00e9rigord est un pays<br \/>\nUn beau pays. Tout le reste n&#8217;est que po\u00e9sie, ou litt\u00e9rature qui touche parfois au g\u00e9nie. N&#8217;est pas Etienne La Bo\u00e9tie ou Michel de Montaigne qui veut.<br \/>\nLe P\u00e9rigord sait que ses paysages, ses produits doivent tout \u00e0 une touche du Cr\u00e9ateur un peu plus l\u00e9g\u00e8re qu&#8217;ailleurs.<\/p>\n\n\t\t<style type=\"text\/css\">\n\t\t\t#gallery-5 {\n\t\t\t\tmargin: auto;\n\t\t\t}\n\t\t\t#gallery-5 .gallery-item {\n\t\t\t\tfloat: left;\n\t\t\t\tmargin-top: 10px;\n\t\t\t\ttext-align: center;\n\t\t\t\twidth: 33%;\n\t\t\t}\n\t\t\t#gallery-5 img {\n\t\t\t\tborder: 2px solid #cfcfcf;\n\t\t\t}\n\t\t\t#gallery-5 .gallery-caption {\n\t\t\t\tmargin-left: 0;\n\t\t\t}\n\t\t\t\/* see gallery_shortcode() in wp-includes\/media.php *\/\n\t\t<\/style>\n\t\t<div id='gallery-5' class='gallery galleryid-208 gallery-columns-3 gallery-size-thumbnail'><dl class='gallery-item'>\n\t\t\t<dt class='gallery-icon landscape'>\n\t\t\t\t<a href='https:\/\/www.domainedepradelle.com\/index.php\/the-surroundings\/perigord\/attachment\/1\/'><img loading=\"lazy\" decoding=\"async\" width=\"150\" height=\"150\" src=\"https:\/\/www.domainedepradelle.com\/wp\/wp-content\/uploads\/2012\/02\/1-150x150.jpg\" class=\"attachment-thumbnail size-thumbnail\" alt=\"\" \/><\/a>\n\t\t\t<\/dt><\/dl><dl class='gallery-item'>\n\t\t\t<dt class='gallery-icon portrait'>\n\t\t\t\t<a href='https:\/\/www.domainedepradelle.com\/index.php\/the-surroundings\/perigord\/attachment\/2\/'><img loading=\"lazy\" decoding=\"async\" width=\"150\" height=\"150\" src=\"https:\/\/www.domainedepradelle.com\/wp\/wp-content\/uploads\/2012\/02\/2-150x150.jpg\" class=\"attachment-thumbnail size-thumbnail\" alt=\"\" \/><\/a>\n\t\t\t<\/dt><\/dl><dl class='gallery-item'>\n\t\t\t<dt class='gallery-icon portrait'>\n\t\t\t\t<a href='https:\/\/www.domainedepradelle.com\/index.php\/the-surroundings\/perigord\/attachment\/3\/'><img loading=\"lazy\" decoding=\"async\" width=\"150\" height=\"150\" src=\"https:\/\/www.domainedepradelle.com\/wp\/wp-content\/uploads\/2012\/02\/3-150x150.jpg\" class=\"attachment-thumbnail size-thumbnail\" alt=\"\" \/><\/a>\n\t\t\t<\/dt><\/dl><br style=\"clear: both\" \/>\n\t\t<\/div>\n\n<p>Le P\u00e9rigord a du succ\u00e8s<br \/>\nM\u00eame largement occup\u00e9 les mois d&#8217;\u00e9t\u00e9, il reste de la place pour des couchers de soleil sur les pierres ocres, pour des apr\u00e8s-midi \u00e0 \u00e9couter chanter la brise dans les feuilles des peupliers, les pieds dans l&#8217;onde claire, et pour des promenades \u00e0 pied, \u00e0 cheval ou en v\u00e9lo sous les ch\u00e2taigniers.<br \/>\nCes moments l\u00e0 sauront, mieux que personne, vous conter ce pays multiple.<\/p>\n<p>Le P\u00e9rigord est un sanctuaire<br \/>\nIl a su pr\u00e9server des valeurs essentielles. On y retrouve des parfums qui r\u00e9veillent les plus beaux souvenirs, des paysages semblables \u00e0 des r\u00eaves d&#8217;enfants, des grottes qui enfant\u00e8rent une partie de l&#8217;humanit\u00e9. De temps en temps, il est agr\u00e9able de faire provision de certitudes et de douceurs en ce monde. Les rivi\u00e8res, les ch\u00e2teaux, l&#8217;air pur et les mets de qualit\u00e9 vous seront donn\u00e9s en plus.<\/p>\n\n\t\t<style type=\"text\/css\">\n\t\t\t#gallery-6 {\n\t\t\t\tmargin: auto;\n\t\t\t}\n\t\t\t#gallery-6 .gallery-item {\n\t\t\t\tfloat: left;\n\t\t\t\tmargin-top: 10px;\n\t\t\t\ttext-align: center;\n\t\t\t\twidth: 33%;\n\t\t\t}\n\t\t\t#gallery-6 img {\n\t\t\t\tborder: 2px solid #cfcfcf;\n\t\t\t}\n\t\t\t#gallery-6 .gallery-caption {\n\t\t\t\tmargin-left: 0;\n\t\t\t}\n\t\t\t\/* see gallery_shortcode() in wp-includes\/media.php *\/\n\t\t<\/style>\n\t\t<div id='gallery-6' class='gallery galleryid-208 gallery-columns-3 gallery-size-thumbnail'><dl class='gallery-item'>\n\t\t\t<dt class='gallery-icon portrait'>\n\t\t\t\t<a href='https:\/\/www.domainedepradelle.com\/index.php\/the-surroundings\/perigord\/attachment\/4\/'><img loading=\"lazy\" decoding=\"async\" width=\"150\" height=\"150\" src=\"https:\/\/www.domainedepradelle.com\/wp\/wp-content\/uploads\/2012\/02\/4-150x150.jpg\" class=\"attachment-thumbnail size-thumbnail\" alt=\"\" \/><\/a>\n\t\t\t<\/dt><\/dl><dl class='gallery-item'>\n\t\t\t<dt class='gallery-icon landscape'>\n\t\t\t\t<a href='https:\/\/www.domainedepradelle.com\/index.php\/the-surroundings\/perigord\/attachment\/5\/'><img loading=\"lazy\" decoding=\"async\" width=\"150\" height=\"150\" src=\"https:\/\/www.domainedepradelle.com\/wp\/wp-content\/uploads\/2012\/02\/5-150x150.jpg\" class=\"attachment-thumbnail size-thumbnail\" alt=\"\" \/><\/a>\n\t\t\t<\/dt><\/dl>\n\t\t\t<br style='clear: both' \/>\n\t\t<\/div>\n\n<p>Au fil des pages qui vont suivre, vous aurez peut-\u00eatre du mal \u00e0 savoir o\u00f9 aller, comment respirer ce pays. Laissez-vous guider par votre intuition. Il n&#8217;existe en face de soi que ce que nous sommes nous-m\u00eames.<br \/>\nAvec un g\u00eete pour dormir, il y a, chaque jour, de nouvelles d\u00e9couvertes dans ces P\u00e9rigord qui s&#8217;offrent doucement aux visiteurs. Des \u00e9tangs et des for\u00eats du Nontronnais, en passant par les routes des vins du Bergeracois et les chemins du Sarladais : il faut du temps pour tout d\u00e9couvrir.<\/p>\n<p>Et si les trop grandes chaleurs de l&#8217;\u00e9t\u00e9 vous lassent, les automnes et les printemps sont des moments superbes pour se glisser dans le silence des ruelles sarladaises, ou entre les murs \u00e9pais des ch\u00e2teaux. Les saisons s&#8217;\u00e9tirent lentement et, de P\u00e2ques \u00e0 Toussaint, la palette des couleurs du Grand Peintre de l\u00e0-haut, est une raison suffisante pour s&#8217;arr\u00eater ici. Et m\u00eame l&#8217;hiver, si triste parfois, prend ici, au coin du feu, blotti dans une vaste chemin\u00e9e p\u00e9rigourdine, des allures de temple o\u00f9 le temps semble suspendu. Ouvrez donc les pages du temps, pour m\u00e9diter ou r\u00eaver, pour fl\u00e2ner ou observer et&#8230; pour aimer&#8230; tout simplement.<\/p>\n<p><a href=\"?page_id=208&amp;lang=fr\">Perigord<\/a><br \/>\n<a href=\"?page_id=218&amp;lang=fr\">Sarlat<\/a><br \/>\n<a href=\"?page_id=224&amp;lang=fr\">Monpazier<\/a><br \/>\n<a href=\"?page_id=232&amp;lang=fr\">Bergerac<\/a><br \/>\n<a href=\"?page_id=242&amp;lang=fr\">Le Bugue<\/a><br \/>\n<a href=\"?page_id=253&amp;lang=fr\">Perigueux<\/a><\/p>\n<p>Bron best-of-perigord.tm.fr<!--:--><!--:nl-->De P\u00e9rigord is een land<br \/>\nEen mooi land. De rest is mooischrijverij, met of zonder rijm, hoewel ook dat geniaal kan zijn.<br \/>\nDe P\u00e9rigord weet dat zijn landschappen, zijn producten uitsluitend te danken zijn aan een welwillende finishing touch van de Schepper.<\/p>\n\n\t\t<style type=\"text\/css\">\n\t\t\t#gallery-7 {\n\t\t\t\tmargin: auto;\n\t\t\t}\n\t\t\t#gallery-7 .gallery-item {\n\t\t\t\tfloat: left;\n\t\t\t\tmargin-top: 10px;\n\t\t\t\ttext-align: center;\n\t\t\t\twidth: 33%;\n\t\t\t}\n\t\t\t#gallery-7 img {\n\t\t\t\tborder: 2px solid #cfcfcf;\n\t\t\t}\n\t\t\t#gallery-7 .gallery-caption {\n\t\t\t\tmargin-left: 0;\n\t\t\t}\n\t\t\t\/* see gallery_shortcode() in wp-includes\/media.php *\/\n\t\t<\/style>\n\t\t<div id='gallery-7' class='gallery galleryid-208 gallery-columns-3 gallery-size-thumbnail'><dl class='gallery-item'>\n\t\t\t<dt class='gallery-icon landscape'>\n\t\t\t\t<a href='https:\/\/www.domainedepradelle.com\/index.php\/the-surroundings\/perigord\/attachment\/1\/'><img loading=\"lazy\" decoding=\"async\" width=\"150\" height=\"150\" src=\"https:\/\/www.domainedepradelle.com\/wp\/wp-content\/uploads\/2012\/02\/1-150x150.jpg\" class=\"attachment-thumbnail size-thumbnail\" alt=\"\" \/><\/a>\n\t\t\t<\/dt><\/dl><dl class='gallery-item'>\n\t\t\t<dt class='gallery-icon portrait'>\n\t\t\t\t<a href='https:\/\/www.domainedepradelle.com\/index.php\/the-surroundings\/perigord\/attachment\/2\/'><img loading=\"lazy\" decoding=\"async\" width=\"150\" height=\"150\" src=\"https:\/\/www.domainedepradelle.com\/wp\/wp-content\/uploads\/2012\/02\/2-150x150.jpg\" class=\"attachment-thumbnail size-thumbnail\" alt=\"\" \/><\/a>\n\t\t\t<\/dt><\/dl><dl class='gallery-item'>\n\t\t\t<dt class='gallery-icon portrait'>\n\t\t\t\t<a href='https:\/\/www.domainedepradelle.com\/index.php\/the-surroundings\/perigord\/attachment\/3\/'><img loading=\"lazy\" decoding=\"async\" width=\"150\" height=\"150\" src=\"https:\/\/www.domainedepradelle.com\/wp\/wp-content\/uploads\/2012\/02\/3-150x150.jpg\" class=\"attachment-thumbnail size-thumbnail\" alt=\"\" \/><\/a>\n\t\t\t<\/dt><\/dl><br style=\"clear: both\" \/>\n\t\t<\/div>\n\n<p>De P\u00e9rigord heeft succes<br \/>\nHoewel de regio in het zomerseizoen druk bezocht wordt, is er voldoende plaats voor een zonsondergang op de okerkleurige stenen, voor middagrust die alleen verstoord wordt door de wind die door de blaadjes van de populieren ritselt, voor voeten in het heldere, frisse water, voor wandelingen, te voet, te paard, te fiets, onder de kastanjebomen.<br \/>\nDie weldadige momenten zullen u, beter dan wat of wie dan ook, deelgenoot maken van dit veelzijdige land.<\/p>\n<p>De P\u00e9rigord is een toevluchtsoord<br \/>\nHet land heeft wezenlijke waarden weten te bewaren. Parfums die de mooiste herinneringen oproepen, landschappen zoals die uit uw kinderdromen, grotten waar een deel van de mensheid geboren is. Het is van tijd tot tijd aangenaam om te putten in deze bron van oorspronkelijke rijkdommen, zekerheden, heerlijkheden. Rivieren, kastelen, zuivere lucht, gastronomie, die krijgt u op de koop toe.<\/p>\n\n\t\t<style type=\"text\/css\">\n\t\t\t#gallery-8 {\n\t\t\t\tmargin: auto;\n\t\t\t}\n\t\t\t#gallery-8 .gallery-item {\n\t\t\t\tfloat: left;\n\t\t\t\tmargin-top: 10px;\n\t\t\t\ttext-align: center;\n\t\t\t\twidth: 33%;\n\t\t\t}\n\t\t\t#gallery-8 img {\n\t\t\t\tborder: 2px solid #cfcfcf;\n\t\t\t}\n\t\t\t#gallery-8 .gallery-caption {\n\t\t\t\tmargin-left: 0;\n\t\t\t}\n\t\t\t\/* see gallery_shortcode() in wp-includes\/media.php *\/\n\t\t<\/style>\n\t\t<div id='gallery-8' class='gallery galleryid-208 gallery-columns-3 gallery-size-thumbnail'><dl class='gallery-item'>\n\t\t\t<dt class='gallery-icon portrait'>\n\t\t\t\t<a href='https:\/\/www.domainedepradelle.com\/index.php\/the-surroundings\/perigord\/attachment\/4\/'><img loading=\"lazy\" decoding=\"async\" width=\"150\" height=\"150\" src=\"https:\/\/www.domainedepradelle.com\/wp\/wp-content\/uploads\/2012\/02\/4-150x150.jpg\" class=\"attachment-thumbnail size-thumbnail\" alt=\"\" \/><\/a>\n\t\t\t<\/dt><\/dl><dl class='gallery-item'>\n\t\t\t<dt class='gallery-icon landscape'>\n\t\t\t\t<a href='https:\/\/www.domainedepradelle.com\/index.php\/the-surroundings\/perigord\/attachment\/5\/'><img loading=\"lazy\" decoding=\"async\" width=\"150\" height=\"150\" src=\"https:\/\/www.domainedepradelle.com\/wp\/wp-content\/uploads\/2012\/02\/5-150x150.jpg\" class=\"attachment-thumbnail size-thumbnail\" alt=\"\" \/><\/a>\n\t\t\t<\/dt><\/dl>\n\t\t\t<br style='clear: both' \/>\n\t\t<\/div>\n\n<p>Op de hierna volgende pagina&#8217;s zult u soms het gevoel hebben te verdwalen, niet te weten waar u moet zoeken, hoe u dit land kunt ontdekken. Laat u leiden door uw intu\u00eftie. Ieder vindt tegenover zichzelf slechts dat wat hij zelf is.<\/p>\n<p>Met een onderkomen voor de nacht zijn er, elke dag weer, talloze ontdekkingen te doen in de verschillende delen van de P\u00e9rigord die voor de bezoeker open liggen.<br \/>\nMeertjes en bossen in het land van Nontron, de wijnroutes van het land van Bergerac, de rustige wegen van het land van Sarlat: die grote verscheidenheid laat zich niet in een paar dagen ontdekken.<\/p>\n<p>En als het hete zomerweer u vermoeit, kunt u beter in de herfst of in het voorjaar komen om te genieten van de stille straatjes van Sarlat of een kijkje te nemen achter de dikke kasteelmuren. De seizoenen gaan langzaam voorbij, en van Pasen tot november zijn er talloze mogelijkheden om de kleuren te bewonderen die de Grote Schilder her en der heeft neergezet. Zelfs de winter, die elders soms zo triest kan zijn, is hier soms als een tempel waar de tijd stilstaat, heerlijk bij de open haard van een immense P\u00e9rigord schouw. Open dus het boek van de tijd, om te mediteren of te dromen, om te wandelen of te observeren en &#8230; om te genieten, heel eenvoudig.<\/p>\n<p><a href=\"?page_id=208&amp;lang=nl\">Perigord<\/a><br \/>\n<a href=\"?page_id=218&amp;lang=nl\">Sarlat<\/a><br \/>\n<a href=\"?page_id=224&amp;lang=nl\">Monpazier<\/a><br \/>\n<a href=\"?page_id=232&amp;lang=nl\">Bergerac<\/a><br \/>\n<a href=\"?page_id=242&amp;lang=nl\">Le Bugue<\/a><br \/>\n<a href=\"?page_id=253&amp;lang=nl\">Perigueux<\/a><\/p>\n<p>Bron best-of-perigord.tm.fr<!--:--><\/p>\n","protected":false},"excerpt":{"rendered":"<p>Perigord ist ein Land Ohne viele Worte &#8211; ein wundersch\u00f6nes Land. Alle Poesie oder Literatur kann dies nicht treffender ausdr\u00fccken. Perigord ist sich bewu\u00dft, da\u00df es seine Landschaften und Erzeugnisse der Tatsache verdankt, da\u00df der Sch\u00f6pfer hier etwas mehr Phantasie &hellip; <a href=\"https:\/\/www.domainedepradelle.com\/index.php\/the-surroundings\/perigord\/\">Continue reading <span class=\"meta-nav\">&rarr;<\/span><\/a><\/p>\n","protected":false},"author":1,"featured_media":0,"parent":55,"menu_order":0,"comment_status":"open","ping_status":"open","template":"","meta":{"footnotes":""},"class_list":["post-208","page","type-page","status-publish","hentry"],"_links":{"self":[{"href":"https:\/\/www.domainedepradelle.com\/index.php\/wp-json\/wp\/v2\/pages\/208","targetHints":{"allow":["GET"]}}],"collection":[{"href":"https:\/\/www.domainedepradelle.com\/index.php\/wp-json\/wp\/v2\/pages"}],"about":[{"href":"https:\/\/www.domainedepradelle.com\/index.php\/wp-json\/wp\/v2\/types\/page"}],"author":[{"embeddable":true,"href":"https:\/\/www.domainedepradelle.com\/index.php\/wp-json\/wp\/v2\/users\/1"}],"replies":[{"embeddable":true,"href":"https:\/\/www.domainedepradelle.com\/index.php\/wp-json\/wp\/v2\/comments?post=208"}],"version-history":[{"count":8,"href":"https:\/\/www.domainedepradelle.com\/index.php\/wp-json\/wp\/v2\/pages\/208\/revisions"}],"predecessor-version":[{"id":534,"href":"https:\/\/www.domainedepradelle.com\/index.php\/wp-json\/wp\/v2\/pages\/208\/revisions\/534"}],"up":[{"embeddable":true,"href":"https:\/\/www.domainedepradelle.com\/index.php\/wp-json\/wp\/v2\/pages\/55"}],"wp:attachment":[{"href":"https:\/\/www.domainedepradelle.com\/index.php\/wp-json\/wp\/v2\/media?parent=208"}],"curies":[{"name":"wp","href":"https:\/\/api.w.org\/{rel}","templated":true}]}}