{"id":273,"date":"2012-02-16T11:57:24","date_gmt":"2012-02-16T11:57:24","guid":{"rendered":"http:\/\/www.creating4u.nl\/domaine\/?page_id=273"},"modified":"2013-02-26T09:49:53","modified_gmt":"2013-02-26T09:49:53","slug":"chateaux-de-biron","status":"publish","type":"page","link":"https:\/\/www.domainedepradelle.com\/index.php\/the-surroundings\/chateaux-de-biron\/","title":{"rendered":"<!--:de-->Chateau de Biron<!--:--><!--:en-->Chateau de Biron<!--:--><!--:fr-->Chateau de Biron<!--:--><!--:nl-->Chateau de Biron<!--:-->"},"content":{"rendered":"<p><!--:de-->Bei Monpazier,<br \/>\neine der vier Baronien des Perigord<br \/>\nunter Denkmalschutz stehend\u00a0Chateau de Biron<\/p>\n\n\t\t<style type=\"text\/css\">\n\t\t\t#gallery-1 {\n\t\t\t\tmargin: auto;\n\t\t\t}\n\t\t\t#gallery-1 .gallery-item {\n\t\t\t\tfloat: left;\n\t\t\t\tmargin-top: 10px;\n\t\t\t\ttext-align: center;\n\t\t\t\twidth: 25%;\n\t\t\t}\n\t\t\t#gallery-1 img {\n\t\t\t\tborder: 2px solid #cfcfcf;\n\t\t\t}\n\t\t\t#gallery-1 .gallery-caption {\n\t\t\t\tmargin-left: 0;\n\t\t\t}\n\t\t\t\/* see gallery_shortcode() in wp-includes\/media.php *\/\n\t\t<\/style>\n\t\t<div id='gallery-1' class='gallery galleryid-273 gallery-columns-4 gallery-size-thumbnail'><dl class='gallery-item'>\n\t\t\t<dt class='gallery-icon landscape'>\n\t\t\t\t<a href='https:\/\/www.domainedepradelle.com\/index.php\/the-surroundings\/chateaux-de-biron\/1-5\/'><img loading=\"lazy\" decoding=\"async\" width=\"150\" height=\"150\" src=\"https:\/\/www.domainedepradelle.com\/wp\/wp-content\/uploads\/2012\/02\/14-150x150.jpg\" class=\"attachment-thumbnail size-thumbnail\" alt=\"\" \/><\/a>\n\t\t\t<\/dt><\/dl><dl class='gallery-item'>\n\t\t\t<dt class='gallery-icon landscape'>\n\t\t\t\t<a href='https:\/\/www.domainedepradelle.com\/index.php\/the-surroundings\/chateaux-de-biron\/2-5\/'><img loading=\"lazy\" decoding=\"async\" width=\"150\" height=\"150\" src=\"https:\/\/www.domainedepradelle.com\/wp\/wp-content\/uploads\/2012\/02\/24-150x150.jpg\" class=\"attachment-thumbnail size-thumbnail\" alt=\"\" \/><\/a>\n\t\t\t<\/dt><\/dl><dl class='gallery-item'>\n\t\t\t<dt class='gallery-icon landscape'>\n\t\t\t\t<a href='https:\/\/www.domainedepradelle.com\/index.php\/the-surroundings\/chateaux-de-biron\/3-5\/'><img loading=\"lazy\" decoding=\"async\" width=\"150\" height=\"150\" src=\"https:\/\/www.domainedepradelle.com\/wp\/wp-content\/uploads\/2012\/02\/34-150x150.jpg\" class=\"attachment-thumbnail size-thumbnail\" alt=\"https:\/\/www.domainedepradelle.com Domaine de Pradelle, maison des vacances, gites avec piscine, gite avec piscine, maison des vacances, perigord noir, Dordogne, gite met zwembad, holiday home with pool, holiday homes with pool, urlaub hauser mit schwimbad, ferienhaus mit schwimmbad, vakantiehuis met zwembad Les Eyzies https:\/\/www.domainedepradelle.com Domaine de Pradelle, maison des vacances, gites avec piscine, gite avec piscine, maison des vacances, perigord noir, Dordogne, gite met zwembad, holiday home with pool, holiday homes with pool, urlaub hauser mit schwimbad, ferienhaus mit schwimmbad, vakantiehuis met zwembad Les Eyzies Chateau in de dordogne\" \/><\/a>\n\t\t\t<\/dt><\/dl><dl class='gallery-item'>\n\t\t\t<dt class='gallery-icon portrait'>\n\t\t\t\t<a href='https:\/\/www.domainedepradelle.com\/index.php\/the-surroundings\/chateaux-de-biron\/4-5\/'><img loading=\"lazy\" decoding=\"async\" width=\"150\" height=\"150\" src=\"https:\/\/www.domainedepradelle.com\/wp\/wp-content\/uploads\/2012\/02\/44-150x150.jpg\" class=\"attachment-thumbnail size-thumbnail\" alt=\"\" \/><\/a>\n\t\t\t<\/dt><\/dl><br style=\"clear: both\" \/>\n\t\t<\/div>\n\n<p>Biron h\u00e4lt eine strategische Position an der Grenze von Perigord und Agen. Seine Geschichte ist verbunden mit der einer Familie, den Gontaut-Biron, die das Lehen achthundert Jahre lang besa\u00df.<br \/>\nJedes Jahrhundert zwischen dem XII. und dem XVIII. hat seine Spuren hinterlassen, die, an Hand dieses riesigen Bauwerkes, eine Vorstellung geben von den Wechself\u00e4llen der Zeiten : Bergfried aus dem XII. Jahrhundert, Doppelkapelle, Renaissancewohnungen, beeindruckende gew\u00f6lbte K\u00fcchen, Staatssaal, usw.<\/p>\n<p>Aus diesem unglaublichen Nebeneinander von Geb\u00e4uden ergibt sich eine au\u00dfergew\u00f6hnliche architektonische Einheit von ganz besonderer Anziehungskraft.<br \/>\nUnter anderem k\u00f6nnen sie hier die Ausstattung des Films &#8220;die Besucher 2&#8221; entdecken.<\/p>\n<p>In der Hauptsaison t\u00e4glich ge\u00f6ffnet.<br \/>\nNebensaison : t\u00e4glich au\u00dfer Montags.<br \/>\nDauer der F\u00fchrung : zirka 45 Minuten.<br \/>\nLaden, Buchverkauf.<br \/>\nNicht Behindertengerecht.<\/p>\n<p><strong>Auskunft und Voranmeldung <\/strong><br \/>\nCh\u00e2teau de Biron<br \/>\nSEMITOUR PERIGORD<br \/>\n221 bis route d&#8217;Angoul\u00eame<br \/>\n24000 P\u00e9rigueux<br \/>\nTel : 33-553-05-65-65<!--:--><!--:en-->Near the beautiful bastide of Monpazier,<br \/>\none of the four baronies of P\u00e9rigord<br \/>\nclassified as a Historical Monument\u00a0Chateau de Biron<\/p>\n\n\t\t<style type=\"text\/css\">\n\t\t\t#gallery-2 {\n\t\t\t\tmargin: auto;\n\t\t\t}\n\t\t\t#gallery-2 .gallery-item {\n\t\t\t\tfloat: left;\n\t\t\t\tmargin-top: 10px;\n\t\t\t\ttext-align: center;\n\t\t\t\twidth: 25%;\n\t\t\t}\n\t\t\t#gallery-2 img {\n\t\t\t\tborder: 2px solid #cfcfcf;\n\t\t\t}\n\t\t\t#gallery-2 .gallery-caption {\n\t\t\t\tmargin-left: 0;\n\t\t\t}\n\t\t\t\/* see gallery_shortcode() in wp-includes\/media.php *\/\n\t\t<\/style>\n\t\t<div id='gallery-2' class='gallery galleryid-273 gallery-columns-4 gallery-size-thumbnail'><dl class='gallery-item'>\n\t\t\t<dt class='gallery-icon landscape'>\n\t\t\t\t<a href='https:\/\/www.domainedepradelle.com\/index.php\/the-surroundings\/chateaux-de-biron\/1-5\/'><img loading=\"lazy\" decoding=\"async\" width=\"150\" height=\"150\" src=\"https:\/\/www.domainedepradelle.com\/wp\/wp-content\/uploads\/2012\/02\/14-150x150.jpg\" class=\"attachment-thumbnail size-thumbnail\" alt=\"\" \/><\/a>\n\t\t\t<\/dt><\/dl><dl class='gallery-item'>\n\t\t\t<dt class='gallery-icon landscape'>\n\t\t\t\t<a href='https:\/\/www.domainedepradelle.com\/index.php\/the-surroundings\/chateaux-de-biron\/2-5\/'><img loading=\"lazy\" decoding=\"async\" width=\"150\" height=\"150\" src=\"https:\/\/www.domainedepradelle.com\/wp\/wp-content\/uploads\/2012\/02\/24-150x150.jpg\" class=\"attachment-thumbnail size-thumbnail\" alt=\"\" \/><\/a>\n\t\t\t<\/dt><\/dl><dl class='gallery-item'>\n\t\t\t<dt class='gallery-icon landscape'>\n\t\t\t\t<a href='https:\/\/www.domainedepradelle.com\/index.php\/the-surroundings\/chateaux-de-biron\/3-5\/'><img loading=\"lazy\" decoding=\"async\" width=\"150\" height=\"150\" src=\"https:\/\/www.domainedepradelle.com\/wp\/wp-content\/uploads\/2012\/02\/34-150x150.jpg\" class=\"attachment-thumbnail size-thumbnail\" alt=\"https:\/\/www.domainedepradelle.com Domaine de Pradelle, maison des vacances, gites avec piscine, gite avec piscine, maison des vacances, perigord noir, Dordogne, gite met zwembad, holiday home with pool, holiday homes with pool, urlaub hauser mit schwimbad, ferienhaus mit schwimmbad, vakantiehuis met zwembad Les Eyzies https:\/\/www.domainedepradelle.com Domaine de Pradelle, maison des vacances, gites avec piscine, gite avec piscine, maison des vacances, perigord noir, Dordogne, gite met zwembad, holiday home with pool, holiday homes with pool, urlaub hauser mit schwimbad, ferienhaus mit schwimmbad, vakantiehuis met zwembad Les Eyzies Chateau in de dordogne\" \/><\/a>\n\t\t\t<\/dt><\/dl><dl class='gallery-item'>\n\t\t\t<dt class='gallery-icon portrait'>\n\t\t\t\t<a href='https:\/\/www.domainedepradelle.com\/index.php\/the-surroundings\/chateaux-de-biron\/4-5\/'><img loading=\"lazy\" decoding=\"async\" width=\"150\" height=\"150\" src=\"https:\/\/www.domainedepradelle.com\/wp\/wp-content\/uploads\/2012\/02\/44-150x150.jpg\" class=\"attachment-thumbnail size-thumbnail\" alt=\"\" \/><\/a>\n\t\t\t<\/dt><\/dl><br style=\"clear: both\" \/>\n\t\t<\/div>\n\n<p>Biron stands at the frontier between P\u00e9rigord and Agenais, i.e. a highly strategic position. Its history is directly linked to the great Gontaut-Biron family, the holder of the castle for eight hundred years.<br \/>\nMarked throughout the XIIth to XVIIIth centuries by all sorts of vicissitudes, this monumental building offers a XIIth century donjon, a two-storey chapel, Renaissance appartments, impressive vaulted kitchens, etc<\/p>\n<p>An incredible juxtaposition of buildings is what makes Biron so exceptionnally attractive from an architectural point of view.<br \/>\nYou will also see the scenery of the French film &#8221; Les Visiteurs II &#8220;.<\/p>\n<p>Open everyday during the high season<br \/>\nDuring the low season : open everyday, but Mondays<br \/>\nThe guided tour lasts approx. 45 minutes.<br \/>\nShop, bookshop<br \/>\nNot accessible to disabled persons<\/p>\n<p><strong>Information and reservations <\/strong><br \/>\nChateau de Biron<br \/>\nSEMITOUR PERIGORD<br \/>\n221 bis route d&#8217;Angoul\u00eame<br \/>\n24000 P\u00e9rigueux<br \/>\nTel : 33-553-05-65-65<!--:--><!--:fr-->Pr\u00e8s de Monpazier,<br \/>\nl&#8217;une des quatre baronnies du P\u00e9rigord<br \/>\nclass\u00e9 Monument Historique\u00a0Chateau de Biron<\/p>\n\n\t\t<style type=\"text\/css\">\n\t\t\t#gallery-3 {\n\t\t\t\tmargin: auto;\n\t\t\t}\n\t\t\t#gallery-3 .gallery-item {\n\t\t\t\tfloat: left;\n\t\t\t\tmargin-top: 10px;\n\t\t\t\ttext-align: center;\n\t\t\t\twidth: 25%;\n\t\t\t}\n\t\t\t#gallery-3 img {\n\t\t\t\tborder: 2px solid #cfcfcf;\n\t\t\t}\n\t\t\t#gallery-3 .gallery-caption {\n\t\t\t\tmargin-left: 0;\n\t\t\t}\n\t\t\t\/* see gallery_shortcode() in wp-includes\/media.php *\/\n\t\t<\/style>\n\t\t<div id='gallery-3' class='gallery galleryid-273 gallery-columns-4 gallery-size-thumbnail'><dl class='gallery-item'>\n\t\t\t<dt class='gallery-icon landscape'>\n\t\t\t\t<a href='https:\/\/www.domainedepradelle.com\/index.php\/the-surroundings\/chateaux-de-biron\/1-5\/'><img loading=\"lazy\" decoding=\"async\" width=\"150\" height=\"150\" src=\"https:\/\/www.domainedepradelle.com\/wp\/wp-content\/uploads\/2012\/02\/14-150x150.jpg\" class=\"attachment-thumbnail size-thumbnail\" alt=\"\" \/><\/a>\n\t\t\t<\/dt><\/dl><dl class='gallery-item'>\n\t\t\t<dt class='gallery-icon landscape'>\n\t\t\t\t<a href='https:\/\/www.domainedepradelle.com\/index.php\/the-surroundings\/chateaux-de-biron\/2-5\/'><img loading=\"lazy\" decoding=\"async\" width=\"150\" height=\"150\" src=\"https:\/\/www.domainedepradelle.com\/wp\/wp-content\/uploads\/2012\/02\/24-150x150.jpg\" class=\"attachment-thumbnail size-thumbnail\" alt=\"\" \/><\/a>\n\t\t\t<\/dt><\/dl><dl class='gallery-item'>\n\t\t\t<dt class='gallery-icon landscape'>\n\t\t\t\t<a href='https:\/\/www.domainedepradelle.com\/index.php\/the-surroundings\/chateaux-de-biron\/3-5\/'><img loading=\"lazy\" decoding=\"async\" width=\"150\" height=\"150\" src=\"https:\/\/www.domainedepradelle.com\/wp\/wp-content\/uploads\/2012\/02\/34-150x150.jpg\" class=\"attachment-thumbnail size-thumbnail\" alt=\"https:\/\/www.domainedepradelle.com Domaine de Pradelle, maison des vacances, gites avec piscine, gite avec piscine, maison des vacances, perigord noir, Dordogne, gite met zwembad, holiday home with pool, holiday homes with pool, urlaub hauser mit schwimbad, ferienhaus mit schwimmbad, vakantiehuis met zwembad Les Eyzies https:\/\/www.domainedepradelle.com Domaine de Pradelle, maison des vacances, gites avec piscine, gite avec piscine, maison des vacances, perigord noir, Dordogne, gite met zwembad, holiday home with pool, holiday homes with pool, urlaub hauser mit schwimbad, ferienhaus mit schwimmbad, vakantiehuis met zwembad Les Eyzies Chateau in de dordogne\" \/><\/a>\n\t\t\t<\/dt><\/dl><dl class='gallery-item'>\n\t\t\t<dt class='gallery-icon portrait'>\n\t\t\t\t<a href='https:\/\/www.domainedepradelle.com\/index.php\/the-surroundings\/chateaux-de-biron\/4-5\/'><img loading=\"lazy\" decoding=\"async\" width=\"150\" height=\"150\" src=\"https:\/\/www.domainedepradelle.com\/wp\/wp-content\/uploads\/2012\/02\/44-150x150.jpg\" class=\"attachment-thumbnail size-thumbnail\" alt=\"\" \/><\/a>\n\t\t\t<\/dt><\/dl><br style=\"clear: both\" \/>\n\t\t<\/div>\n\n<p>Biron occupe une position strat\u00e9gique \u00e0 la lisi\u00e8re du P\u00e9rigord et de l&#8217;Agenais. Son histoire est li\u00e9e \u00e0 la grandeur d&#8217;une famille, les Gontaut-Biron, qui tint le fief pendant huit cents ans.<\/p>\n<p>Chaque si\u00e8cle, entre les XII\u00e8me et XVIII\u00e8me, a laiss\u00e9 son empreinte, \u00e9voquant les vicissitudes de cet \u00e9difice monumental : donjon du XII\u00e8me, chapelle \u00e0 double \u00e9tage, appartements Renaissance, impressionnantes cuisines vo\u00fbt\u00e9es, salle des Etats, etc.<\/p>\n<p>De cette incroyable juxtaposition de b\u00e2timents, r\u00e9sulte un ensemble architectural exceptionnel, d&#8217;un attrait tout particulier.<br \/>\nVous pourrez en outre y d\u00e9couvrir les d\u00e9cors du film &#8221; Les Visiteurs II &#8220;.<\/p>\n<p>Ouvert tous les jours en saison.<br \/>\nHors saison : ouvert tous les jours sauf le lundi.<br \/>\nDur\u00e9e de la visitie guid\u00e9e : environ 45 minutes.<br \/>\nBoutique, librairie.<br \/>\nPas d &#8216;acc\u00e8s handicap\u00e9s.<\/p>\n<p><strong>Renseignements et r\u00e9servations <\/strong><br \/>\nCh\u00e2teau de Biron<br \/>\nSEMITOUR PERIGORD<br \/>\n221 bis route d&#8217;Angoul\u00eame<br \/>\n24000 P\u00e9rigueux<br \/>\nTel : 05-53-05-65-65<!--:--><!--:nl-->Dichtbij Monpazier,<br \/>\n\u00e9\u00e9n van de vier baronie\u00ebn van de P\u00e9rigord<br \/>\ngeplaatst op de lijst van Monumentenzorg\u00a0Chateau de Biron<\/p>\n\n\t\t<style type=\"text\/css\">\n\t\t\t#gallery-4 {\n\t\t\t\tmargin: auto;\n\t\t\t}\n\t\t\t#gallery-4 .gallery-item {\n\t\t\t\tfloat: left;\n\t\t\t\tmargin-top: 10px;\n\t\t\t\ttext-align: center;\n\t\t\t\twidth: 25%;\n\t\t\t}\n\t\t\t#gallery-4 img {\n\t\t\t\tborder: 2px solid #cfcfcf;\n\t\t\t}\n\t\t\t#gallery-4 .gallery-caption {\n\t\t\t\tmargin-left: 0;\n\t\t\t}\n\t\t\t\/* see gallery_shortcode() in wp-includes\/media.php *\/\n\t\t<\/style>\n\t\t<div id='gallery-4' class='gallery galleryid-273 gallery-columns-4 gallery-size-thumbnail'><dl class='gallery-item'>\n\t\t\t<dt class='gallery-icon landscape'>\n\t\t\t\t<a href='https:\/\/www.domainedepradelle.com\/index.php\/the-surroundings\/chateaux-de-biron\/1-5\/'><img loading=\"lazy\" decoding=\"async\" width=\"150\" height=\"150\" src=\"https:\/\/www.domainedepradelle.com\/wp\/wp-content\/uploads\/2012\/02\/14-150x150.jpg\" class=\"attachment-thumbnail size-thumbnail\" alt=\"\" \/><\/a>\n\t\t\t<\/dt><\/dl><dl class='gallery-item'>\n\t\t\t<dt class='gallery-icon landscape'>\n\t\t\t\t<a href='https:\/\/www.domainedepradelle.com\/index.php\/the-surroundings\/chateaux-de-biron\/2-5\/'><img loading=\"lazy\" decoding=\"async\" width=\"150\" height=\"150\" src=\"https:\/\/www.domainedepradelle.com\/wp\/wp-content\/uploads\/2012\/02\/24-150x150.jpg\" class=\"attachment-thumbnail size-thumbnail\" alt=\"\" \/><\/a>\n\t\t\t<\/dt><\/dl><dl class='gallery-item'>\n\t\t\t<dt class='gallery-icon landscape'>\n\t\t\t\t<a href='https:\/\/www.domainedepradelle.com\/index.php\/the-surroundings\/chateaux-de-biron\/3-5\/'><img loading=\"lazy\" decoding=\"async\" width=\"150\" height=\"150\" src=\"https:\/\/www.domainedepradelle.com\/wp\/wp-content\/uploads\/2012\/02\/34-150x150.jpg\" class=\"attachment-thumbnail size-thumbnail\" alt=\"https:\/\/www.domainedepradelle.com Domaine de Pradelle, maison des vacances, gites avec piscine, gite avec piscine, maison des vacances, perigord noir, Dordogne, gite met zwembad, holiday home with pool, holiday homes with pool, urlaub hauser mit schwimbad, ferienhaus mit schwimmbad, vakantiehuis met zwembad Les Eyzies https:\/\/www.domainedepradelle.com Domaine de Pradelle, maison des vacances, gites avec piscine, gite avec piscine, maison des vacances, perigord noir, Dordogne, gite met zwembad, holiday home with pool, holiday homes with pool, urlaub hauser mit schwimbad, ferienhaus mit schwimmbad, vakantiehuis met zwembad Les Eyzies Chateau in de dordogne\" \/><\/a>\n\t\t\t<\/dt><\/dl><dl class='gallery-item'>\n\t\t\t<dt class='gallery-icon portrait'>\n\t\t\t\t<a href='https:\/\/www.domainedepradelle.com\/index.php\/the-surroundings\/chateaux-de-biron\/4-5\/'><img loading=\"lazy\" decoding=\"async\" width=\"150\" height=\"150\" src=\"https:\/\/www.domainedepradelle.com\/wp\/wp-content\/uploads\/2012\/02\/44-150x150.jpg\" class=\"attachment-thumbnail size-thumbnail\" alt=\"\" \/><\/a>\n\t\t\t<\/dt><\/dl><br style=\"clear: both\" \/>\n\t\t<\/div>\n\n<p>Biron neemt een belangrijke en strategische plaats in beslag tussen de grens van de P\u00e9rigord en de Agenais. De geschiedenis is verbonden aan de grootheid van een familie Gontaut-Biron, eigenaar van het terrein gedurende achthonderd jaar.<\/p>\n<p>Iedere eeuw, tussen de XIIde en de XVIIIde eeuw, heeft zijn afdruk achtergelaten. De wederwaardigheden van dit monumentaal gebouw: slottoren uit de XIIde eeuw, kapel met dubbele etage, Renaissance appartementen, indrukwekkende gewelfde keukens, Staatszalen, etc.<\/p>\n<p>Van de naast elkander geplaatste gebouwen voortvloeit een exceptioneel architectonisch ensemble, een bezienswaardigheid voor iedereen.<br \/>\nU kunt er ook het d\u00e9cor van de film &#8220;Les Visiteurs II&#8221; ontdekken.<\/p>\n<p>Alle dagen van het seizoen geopend.<br \/>\nBuiten het seizoen: alle dagen geopend behalve maandag.<br \/>\nTijdsduur rondleiding: ongeveer 45 minuten.<br \/>\nCadeauwinkel, bibliotheek.<br \/>\nNiet toegankelijk voor gehandicapten.<\/p>\n<p><strong>Inlichtingen en reserveringen <\/strong><br \/>\nCh\u00e2teau de Biron<br \/>\nSEMITOUR PERIGORD<br \/>\n221 bis route d&#8217;Angoul\u00eame<br \/>\n24000 P\u00e9rigueux<br \/>\nTel : 33-553-05-65-65<!--:--><\/p>\n","protected":false},"excerpt":{"rendered":"<p>Bei Monpazier, eine der vier Baronien des Perigord unter Denkmalschutz stehend\u00a0Chateau de Biron Biron h\u00e4lt eine strategische Position an der Grenze von Perigord und Agen. Seine Geschichte ist verbunden mit der einer Familie, den Gontaut-Biron, die das Lehen achthundert Jahre &hellip; <a href=\"https:\/\/www.domainedepradelle.com\/index.php\/the-surroundings\/chateaux-de-biron\/\">Continue reading <span class=\"meta-nav\">&rarr;<\/span><\/a><\/p>\n","protected":false},"author":1,"featured_media":0,"parent":55,"menu_order":0,"comment_status":"open","ping_status":"open","template":"","meta":{"footnotes":""},"class_list":["post-273","page","type-page","status-publish","hentry"],"_links":{"self":[{"href":"https:\/\/www.domainedepradelle.com\/index.php\/wp-json\/wp\/v2\/pages\/273","targetHints":{"allow":["GET"]}}],"collection":[{"href":"https:\/\/www.domainedepradelle.com\/index.php\/wp-json\/wp\/v2\/pages"}],"about":[{"href":"https:\/\/www.domainedepradelle.com\/index.php\/wp-json\/wp\/v2\/types\/page"}],"author":[{"embeddable":true,"href":"https:\/\/www.domainedepradelle.com\/index.php\/wp-json\/wp\/v2\/users\/1"}],"replies":[{"embeddable":true,"href":"https:\/\/www.domainedepradelle.com\/index.php\/wp-json\/wp\/v2\/comments?post=273"}],"version-history":[{"count":6,"href":"https:\/\/www.domainedepradelle.com\/index.php\/wp-json\/wp\/v2\/pages\/273\/revisions"}],"predecessor-version":[{"id":632,"href":"https:\/\/www.domainedepradelle.com\/index.php\/wp-json\/wp\/v2\/pages\/273\/revisions\/632"}],"up":[{"embeddable":true,"href":"https:\/\/www.domainedepradelle.com\/index.php\/wp-json\/wp\/v2\/pages\/55"}],"wp:attachment":[{"href":"https:\/\/www.domainedepradelle.com\/index.php\/wp-json\/wp\/v2\/media?parent=273"}],"curies":[{"name":"wp","href":"https:\/\/api.w.org\/{rel}","templated":true}]}}