{"id":284,"date":"2012-02-16T12:02:57","date_gmt":"2012-02-16T12:02:57","guid":{"rendered":"http:\/\/www.creating4u.nl\/domaine\/?page_id=284"},"modified":"2013-02-26T09:55:50","modified_gmt":"2013-02-26T09:55:50","slug":"monbazillac","status":"publish","type":"page","link":"https:\/\/www.domainedepradelle.com\/index.php\/the-surroundings\/monbazillac\/","title":{"rendered":"Monbazillac"},"content":{"rendered":"<p><!--:de-->Monbazillac\u00a0Perle des Perigord Pourpre<br \/>\nGeb\u00e4ude aus dem XVI. Jahrhundert<br \/>\nunter Denkmalschutz stehend,<br \/>\n5 Minuten von Bergerac entfernt.<\/p>\n\n\t\t<style type=\"text\/css\">\n\t\t\t#gallery-1 {\n\t\t\t\tmargin: auto;\n\t\t\t}\n\t\t\t#gallery-1 .gallery-item {\n\t\t\t\tfloat: left;\n\t\t\t\tmargin-top: 10px;\n\t\t\t\ttext-align: center;\n\t\t\t\twidth: 25%;\n\t\t\t}\n\t\t\t#gallery-1 img {\n\t\t\t\tborder: 2px solid #cfcfcf;\n\t\t\t}\n\t\t\t#gallery-1 .gallery-caption {\n\t\t\t\tmargin-left: 0;\n\t\t\t}\n\t\t\t\/* see gallery_shortcode() in wp-includes\/media.php *\/\n\t\t<\/style>\n\t\t<div id='gallery-1' class='gallery galleryid-284 gallery-columns-4 gallery-size-thumbnail'><dl class='gallery-item'>\n\t\t\t<dt class='gallery-icon portrait'>\n\t\t\t\t<a href='https:\/\/www.domainedepradelle.com\/index.php\/the-surroundings\/monbazillac\/1-6\/'><img loading=\"lazy\" decoding=\"async\" width=\"150\" height=\"150\" src=\"https:\/\/www.domainedepradelle.com\/wp\/wp-content\/uploads\/2012\/02\/15-150x150.jpg\" class=\"attachment-thumbnail size-thumbnail\" alt=\"\" \/><\/a>\n\t\t\t<\/dt><\/dl><dl class='gallery-item'>\n\t\t\t<dt class='gallery-icon portrait'>\n\t\t\t\t<a href='https:\/\/www.domainedepradelle.com\/index.php\/the-surroundings\/monbazillac\/2-6\/'><img loading=\"lazy\" decoding=\"async\" width=\"150\" height=\"150\" src=\"https:\/\/www.domainedepradelle.com\/wp\/wp-content\/uploads\/2012\/02\/25-150x150.jpg\" class=\"attachment-thumbnail size-thumbnail\" alt=\"\" \/><\/a>\n\t\t\t<\/dt><\/dl><dl class='gallery-item'>\n\t\t\t<dt class='gallery-icon landscape'>\n\t\t\t\t<a href='https:\/\/www.domainedepradelle.com\/index.php\/the-surroundings\/monbazillac\/3-6\/'><img loading=\"lazy\" decoding=\"async\" width=\"150\" height=\"150\" src=\"https:\/\/www.domainedepradelle.com\/wp\/wp-content\/uploads\/2012\/02\/35-150x150.jpg\" class=\"attachment-thumbnail size-thumbnail\" alt=\"\" \/><\/a>\n\t\t\t<\/dt><\/dl><dl class='gallery-item'>\n\t\t\t<dt class='gallery-icon portrait'>\n\t\t\t\t<a href='https:\/\/www.domainedepradelle.com\/index.php\/the-surroundings\/monbazillac\/4-6\/'><img loading=\"lazy\" decoding=\"async\" width=\"150\" height=\"150\" src=\"https:\/\/www.domainedepradelle.com\/wp\/wp-content\/uploads\/2012\/02\/45-150x150.jpg\" class=\"attachment-thumbnail size-thumbnail\" alt=\"\" \/><\/a>\n\t\t\t<\/dt><\/dl><br style=\"clear: both\" \/>\n\t\t<\/div>\n\n<p>Erbaut in der Mitte des XVI. Jahrhunderts auf dem H\u00fcgel, der das liebliche Tal von Bergerac \u00fcberragt, ist das Schlo\u00df von Monbazillac die Frucht einer harmonischen Begegnung der mittelalterlichen Milit\u00e4rarchitektur und der fr\u00fchen Eleganz der Renaissance. Im Laufe der Besichtigung entdecken sie das Museum des Weinbaus und des Weins, der perigordinischen M\u00f6bel, der Geschichte des Protestantismus und der Tausendundein Schl\u00f6sser des Perigord.<\/p>\n<p>Das Schlo\u00df ist zu besichtigen von Mitte Februar bis Mitte Januar (je nach Jahreszeit wechselnde \u00d6ffnungszeiten).<br \/>\nGruppen nur nach Voranmeldung.<br \/>\nFreie Besichtigung oder F\u00fchrung in mehreren Sprachen. Dauer der Besichtigung : zirka 45 Minuten, gefolgt von einer kostenlosen Weinprobe des ber\u00fchmten Weins von Monbazillac im Empfangspavillon.<br \/>\n5 Hektar gro\u00dfer schattiger Park.<br \/>\nGastronomisches Restaurant. Restaurant gastronomique.<\/p>\n<p><strong>Auskunft und Voranmeldung <\/strong><br \/>\nCh\u00e2teau de Monbazillac<br \/>\n24240 Monbazillac<br \/>\nTel : 33-553-615-252 or 33-553-636-500<br \/>\nfax : 33-553-636-509<br \/>\n<a href=\"http:\/\/www.chateau-monbazillac.com\" target=\"_blank\">http:\/\/www.chateau-monbazillac.com<\/a><!--:--><!--:en-->Monbazillac\u00a0The &#8220;Gem of P\u00e9rigord Pourpre&#8221;<br \/>\nclassified as a Historical Monument (XVIth century)<br \/>\nlocated 5 minutes from Bergerac.<\/p>\n\n\t\t<style type=\"text\/css\">\n\t\t\t#gallery-2 {\n\t\t\t\tmargin: auto;\n\t\t\t}\n\t\t\t#gallery-2 .gallery-item {\n\t\t\t\tfloat: left;\n\t\t\t\tmargin-top: 10px;\n\t\t\t\ttext-align: center;\n\t\t\t\twidth: 25%;\n\t\t\t}\n\t\t\t#gallery-2 img {\n\t\t\t\tborder: 2px solid #cfcfcf;\n\t\t\t}\n\t\t\t#gallery-2 .gallery-caption {\n\t\t\t\tmargin-left: 0;\n\t\t\t}\n\t\t\t\/* see gallery_shortcode() in wp-includes\/media.php *\/\n\t\t<\/style>\n\t\t<div id='gallery-2' class='gallery galleryid-284 gallery-columns-4 gallery-size-thumbnail'><dl class='gallery-item'>\n\t\t\t<dt class='gallery-icon portrait'>\n\t\t\t\t<a href='https:\/\/www.domainedepradelle.com\/index.php\/the-surroundings\/monbazillac\/1-6\/'><img loading=\"lazy\" decoding=\"async\" width=\"150\" height=\"150\" src=\"https:\/\/www.domainedepradelle.com\/wp\/wp-content\/uploads\/2012\/02\/15-150x150.jpg\" class=\"attachment-thumbnail size-thumbnail\" alt=\"\" \/><\/a>\n\t\t\t<\/dt><\/dl><dl class='gallery-item'>\n\t\t\t<dt class='gallery-icon portrait'>\n\t\t\t\t<a href='https:\/\/www.domainedepradelle.com\/index.php\/the-surroundings\/monbazillac\/2-6\/'><img loading=\"lazy\" decoding=\"async\" width=\"150\" height=\"150\" src=\"https:\/\/www.domainedepradelle.com\/wp\/wp-content\/uploads\/2012\/02\/25-150x150.jpg\" class=\"attachment-thumbnail size-thumbnail\" alt=\"\" \/><\/a>\n\t\t\t<\/dt><\/dl><dl class='gallery-item'>\n\t\t\t<dt class='gallery-icon landscape'>\n\t\t\t\t<a href='https:\/\/www.domainedepradelle.com\/index.php\/the-surroundings\/monbazillac\/3-6\/'><img loading=\"lazy\" decoding=\"async\" width=\"150\" height=\"150\" src=\"https:\/\/www.domainedepradelle.com\/wp\/wp-content\/uploads\/2012\/02\/35-150x150.jpg\" class=\"attachment-thumbnail size-thumbnail\" alt=\"\" \/><\/a>\n\t\t\t<\/dt><\/dl><dl class='gallery-item'>\n\t\t\t<dt class='gallery-icon portrait'>\n\t\t\t\t<a href='https:\/\/www.domainedepradelle.com\/index.php\/the-surroundings\/monbazillac\/4-6\/'><img loading=\"lazy\" decoding=\"async\" width=\"150\" height=\"150\" src=\"https:\/\/www.domainedepradelle.com\/wp\/wp-content\/uploads\/2012\/02\/45-150x150.jpg\" class=\"attachment-thumbnail size-thumbnail\" alt=\"\" \/><\/a>\n\t\t\t<\/dt><\/dl><br style=\"clear: both\" \/>\n\t\t<\/div>\n\n<p>Built in the middle of the XVIth century on top of the hill overlooking the pleasant valley of Bergerac, Ch\u00e2teau de Monbazillac harmoniously combines feudal military architecture and the elegant early Renaissance style. During your visit, you will discover the very interesting Museum of Wine and Vineyard, Museum of Furniture in P\u00e9rigord, Museum of Protestantism, and the &#8220;1001 Ch\u00e2teaux of P\u00e9rigord&#8221;.<\/p>\n<p>The ch\u00e2teau can be visited from mid-February to mid-January (opening hours depend on the season).<br \/>\nGroups upon reservation.<br \/>\nFree or guided visit in several languages. The guided visit lasts approx. 45 minutes and is followed by a free Monbazillac wine-tasting session.<br \/>\nShaded 5-hectare Park.<br \/>\nGastronomic restaurant.<\/p>\n<p><strong>Information and reservations <\/strong><br \/>\nCh\u00e2teau de Monbazillac<br \/>\n24240 Monbazillac<br \/>\nTel : 33-553-615-252 or 33-553-636-500<br \/>\nfax : 33-553-636-509<br \/>\n<a href=\"http:\/\/www.chateau-monbazillac.com\" target=\"_blank\">http:\/\/www.chateau-monbazillac.com<\/a><\/p>\n<p>Bron: best-of-perigord.tm.fr<!--:--><!--:fr-->Monbazillac\u00a0La Perle du P\u00e9rigord Pourpre<br \/>\nMonument historique class\u00e9 du XVI\u00e8me si\u00e8cle,<br \/>\n\u00e0 5 minutes de Bergerac.<\/p>\n\n\t\t<style type=\"text\/css\">\n\t\t\t#gallery-3 {\n\t\t\t\tmargin: auto;\n\t\t\t}\n\t\t\t#gallery-3 .gallery-item {\n\t\t\t\tfloat: left;\n\t\t\t\tmargin-top: 10px;\n\t\t\t\ttext-align: center;\n\t\t\t\twidth: 25%;\n\t\t\t}\n\t\t\t#gallery-3 img {\n\t\t\t\tborder: 2px solid #cfcfcf;\n\t\t\t}\n\t\t\t#gallery-3 .gallery-caption {\n\t\t\t\tmargin-left: 0;\n\t\t\t}\n\t\t\t\/* see gallery_shortcode() in wp-includes\/media.php *\/\n\t\t<\/style>\n\t\t<div id='gallery-3' class='gallery galleryid-284 gallery-columns-4 gallery-size-thumbnail'><dl class='gallery-item'>\n\t\t\t<dt class='gallery-icon portrait'>\n\t\t\t\t<a href='https:\/\/www.domainedepradelle.com\/index.php\/the-surroundings\/monbazillac\/1-6\/'><img loading=\"lazy\" decoding=\"async\" width=\"150\" height=\"150\" src=\"https:\/\/www.domainedepradelle.com\/wp\/wp-content\/uploads\/2012\/02\/15-150x150.jpg\" class=\"attachment-thumbnail size-thumbnail\" alt=\"\" \/><\/a>\n\t\t\t<\/dt><\/dl><dl class='gallery-item'>\n\t\t\t<dt class='gallery-icon portrait'>\n\t\t\t\t<a href='https:\/\/www.domainedepradelle.com\/index.php\/the-surroundings\/monbazillac\/2-6\/'><img loading=\"lazy\" decoding=\"async\" width=\"150\" height=\"150\" src=\"https:\/\/www.domainedepradelle.com\/wp\/wp-content\/uploads\/2012\/02\/25-150x150.jpg\" class=\"attachment-thumbnail size-thumbnail\" alt=\"\" \/><\/a>\n\t\t\t<\/dt><\/dl><dl class='gallery-item'>\n\t\t\t<dt class='gallery-icon landscape'>\n\t\t\t\t<a href='https:\/\/www.domainedepradelle.com\/index.php\/the-surroundings\/monbazillac\/3-6\/'><img loading=\"lazy\" decoding=\"async\" width=\"150\" height=\"150\" src=\"https:\/\/www.domainedepradelle.com\/wp\/wp-content\/uploads\/2012\/02\/35-150x150.jpg\" class=\"attachment-thumbnail size-thumbnail\" alt=\"\" \/><\/a>\n\t\t\t<\/dt><\/dl><dl class='gallery-item'>\n\t\t\t<dt class='gallery-icon portrait'>\n\t\t\t\t<a href='https:\/\/www.domainedepradelle.com\/index.php\/the-surroundings\/monbazillac\/4-6\/'><img loading=\"lazy\" decoding=\"async\" width=\"150\" height=\"150\" src=\"https:\/\/www.domainedepradelle.com\/wp\/wp-content\/uploads\/2012\/02\/45-150x150.jpg\" class=\"attachment-thumbnail size-thumbnail\" alt=\"\" \/><\/a>\n\t\t\t<\/dt><\/dl><br style=\"clear: both\" \/>\n\t\t<\/div>\n\n<p>B\u00e2ti au milieu du XVI\u00e8me si\u00e8cle sur la colline surplombant l\u2019agr\u00e9able vall\u00e9e de Bergerac, le Ch\u00e2teau de Monbazillac est le fruit d\u2019une harmonieuse rencontre entre l\u2019architecture militaire m\u00e9di\u00e9vale et les premi\u00e8res \u00e9l\u00e9gances de la Renaissance. Au cours de la visite, vous d\u00e9couvrirez le Mus\u00e9e de la Vigne et du Vin, du Meuble P\u00e9rigordin, de l\u2019Histoire du Protestantisme et des Mille et Un Ch\u00e2teaux du P\u00e9rigord.<\/p>\n<p>Le ch\u00e2teau est ouvert \u00e0 la visite de mi-f\u00e9vrier \u00e0 mi-janvier (horaires variables selon la saison). R\u00e9servation n\u00e9cessaire pour les groupes. Visite libre ou guid\u00e9e en plusieurs langues. Dur\u00e9e de la visite : environ 45 minutes, suivie d\u2019une d\u00e9gustation gratuite du c\u00e9l\u00e8bre vin de Monbazillac au Pavillon d\u2019Accueil. Parc ombrag\u00e9 de 5 hectares. Restaurant gastronomique.<\/p>\n<p><strong>Renseignements et r\u00e9servations <\/strong><br \/>\nCh\u00e2teau de Monbazillac<br \/>\n24240 Monbazillac<br \/>\nTel : 33-553-615-252 or 33-553-636-500<br \/>\nfax : 33-553-636-509<br \/>\n<a href=\"http:\/\/www.chateau-monbazillac.com\" target=\"_blank\">http:\/\/www.chateau-monbazillac.com<\/a><!--:--><!--:nl-->Monbazillac\u00a0De Parel van de Purperen P\u00e9rigord<br \/>\ngeplaatst op de lijst van Monumentenzorg &#8211; XVIde eeuw<br \/>\nop 5 minuten van Bergerac.<\/p>\n\n\t\t<style type=\"text\/css\">\n\t\t\t#gallery-4 {\n\t\t\t\tmargin: auto;\n\t\t\t}\n\t\t\t#gallery-4 .gallery-item {\n\t\t\t\tfloat: left;\n\t\t\t\tmargin-top: 10px;\n\t\t\t\ttext-align: center;\n\t\t\t\twidth: 25%;\n\t\t\t}\n\t\t\t#gallery-4 img {\n\t\t\t\tborder: 2px solid #cfcfcf;\n\t\t\t}\n\t\t\t#gallery-4 .gallery-caption {\n\t\t\t\tmargin-left: 0;\n\t\t\t}\n\t\t\t\/* see gallery_shortcode() in wp-includes\/media.php *\/\n\t\t<\/style>\n\t\t<div id='gallery-4' class='gallery galleryid-284 gallery-columns-4 gallery-size-thumbnail'><dl class='gallery-item'>\n\t\t\t<dt class='gallery-icon portrait'>\n\t\t\t\t<a href='https:\/\/www.domainedepradelle.com\/index.php\/the-surroundings\/monbazillac\/1-6\/'><img loading=\"lazy\" decoding=\"async\" width=\"150\" height=\"150\" src=\"https:\/\/www.domainedepradelle.com\/wp\/wp-content\/uploads\/2012\/02\/15-150x150.jpg\" class=\"attachment-thumbnail size-thumbnail\" alt=\"\" \/><\/a>\n\t\t\t<\/dt><\/dl><dl class='gallery-item'>\n\t\t\t<dt class='gallery-icon portrait'>\n\t\t\t\t<a href='https:\/\/www.domainedepradelle.com\/index.php\/the-surroundings\/monbazillac\/2-6\/'><img loading=\"lazy\" decoding=\"async\" width=\"150\" height=\"150\" src=\"https:\/\/www.domainedepradelle.com\/wp\/wp-content\/uploads\/2012\/02\/25-150x150.jpg\" class=\"attachment-thumbnail size-thumbnail\" alt=\"\" \/><\/a>\n\t\t\t<\/dt><\/dl><dl class='gallery-item'>\n\t\t\t<dt class='gallery-icon landscape'>\n\t\t\t\t<a href='https:\/\/www.domainedepradelle.com\/index.php\/the-surroundings\/monbazillac\/3-6\/'><img loading=\"lazy\" decoding=\"async\" width=\"150\" height=\"150\" src=\"https:\/\/www.domainedepradelle.com\/wp\/wp-content\/uploads\/2012\/02\/35-150x150.jpg\" class=\"attachment-thumbnail size-thumbnail\" alt=\"\" \/><\/a>\n\t\t\t<\/dt><\/dl><dl class='gallery-item'>\n\t\t\t<dt class='gallery-icon portrait'>\n\t\t\t\t<a href='https:\/\/www.domainedepradelle.com\/index.php\/the-surroundings\/monbazillac\/4-6\/'><img loading=\"lazy\" decoding=\"async\" width=\"150\" height=\"150\" src=\"https:\/\/www.domainedepradelle.com\/wp\/wp-content\/uploads\/2012\/02\/45-150x150.jpg\" class=\"attachment-thumbnail size-thumbnail\" alt=\"\" \/><\/a>\n\t\t\t<\/dt><\/dl><br style=\"clear: both\" \/>\n\t\t<\/div>\n\n<p>Gebouwd medio XVIde eeuw op de heuvel die de aangename vallei van Bergerac overhelt. Het kasteel is het resultaat van een harmonieuze tegemoetkoming tussen de middeleeuwse militaire architectuur en de eerste sierlijkheden van de Renaissance. Tijdens uw bezoek ontdekt u het Mus\u00e9e de la Vigne et du Vin (museum van de wijngaard en wijn), van de Meuble P\u00e9rigordin (meubels uit de P\u00e9rigord), van de Histoire du Protestantisme (Protestante geschiedenis) en de Mille et Un Ch\u00e2teaux du P\u00e9rigord (duizend en \u00e9\u00e9n kastelen van de P\u00e9rigord).<\/p>\n<p>U kunt het kasteel bezichtigen vanaf medio februari tot medio januari (openingstijden kunnen afhankelijk van het seizoen, vari\u00ebren)<br \/>\nReserveren voor groepen is noodzakelijk.<br \/>\nRondleiding of vrij bezoek in verschillende talen. Tijdsduur rondleiding: ongeveer 45 minuten, gevolgd door een gratis wijnproeverij van de bekende Monbazillac wijn in het welkomstpaviljoen.<br \/>\nSchaduwrijk park van 5 hectaren.<br \/>\nGastronomisch restaurant.<\/p>\n<p><strong>Inlichtingen en reserveringen <\/strong><br \/>\nCh\u00e2teau de Monbazillac<br \/>\n24240 Monbazillac<br \/>\nTel : 33-553-615-252 or 33-553-636-500<br \/>\nfax : 33-553-636-509<br \/>\n<a href=\"http:\/\/www.chateau-monbazillac.com\" target=\"_blank\">http:\/\/www.chateau-monbazillac.com<\/a><!--:--><\/p>\n","protected":false},"excerpt":{"rendered":"<p>Monbazillac\u00a0Perle des Perigord Pourpre Geb\u00e4ude aus dem XVI. Jahrhundert unter Denkmalschutz stehend, 5 Minuten von Bergerac entfernt. Erbaut in der Mitte des XVI. Jahrhunderts auf dem H\u00fcgel, der das liebliche Tal von Bergerac \u00fcberragt, ist das Schlo\u00df von Monbazillac die &hellip; <a href=\"https:\/\/www.domainedepradelle.com\/index.php\/the-surroundings\/monbazillac\/\">Continue reading <span class=\"meta-nav\">&rarr;<\/span><\/a><\/p>\n","protected":false},"author":1,"featured_media":0,"parent":55,"menu_order":0,"comment_status":"open","ping_status":"open","template":"","meta":{"footnotes":""},"class_list":["post-284","page","type-page","status-publish","hentry"],"_links":{"self":[{"href":"https:\/\/www.domainedepradelle.com\/index.php\/wp-json\/wp\/v2\/pages\/284","targetHints":{"allow":["GET"]}}],"collection":[{"href":"https:\/\/www.domainedepradelle.com\/index.php\/wp-json\/wp\/v2\/pages"}],"about":[{"href":"https:\/\/www.domainedepradelle.com\/index.php\/wp-json\/wp\/v2\/types\/page"}],"author":[{"embeddable":true,"href":"https:\/\/www.domainedepradelle.com\/index.php\/wp-json\/wp\/v2\/users\/1"}],"replies":[{"embeddable":true,"href":"https:\/\/www.domainedepradelle.com\/index.php\/wp-json\/wp\/v2\/comments?post=284"}],"version-history":[{"count":4,"href":"https:\/\/www.domainedepradelle.com\/index.php\/wp-json\/wp\/v2\/pages\/284\/revisions"}],"predecessor-version":[{"id":643,"href":"https:\/\/www.domainedepradelle.com\/index.php\/wp-json\/wp\/v2\/pages\/284\/revisions\/643"}],"up":[{"embeddable":true,"href":"https:\/\/www.domainedepradelle.com\/index.php\/wp-json\/wp\/v2\/pages\/55"}],"wp:attachment":[{"href":"https:\/\/www.domainedepradelle.com\/index.php\/wp-json\/wp\/v2\/media?parent=284"}],"curies":[{"name":"wp","href":"https:\/\/api.w.org\/{rel}","templated":true}]}}