{"id":293,"date":"2012-02-16T12:08:22","date_gmt":"2012-02-16T12:08:22","guid":{"rendered":"http:\/\/www.creating4u.nl\/domaine\/?page_id=293"},"modified":"2013-02-26T08:19:09","modified_gmt":"2013-02-26T08:19:09","slug":"milandes","status":"publish","type":"page","link":"https:\/\/www.domainedepradelle.com\/index.php\/the-surroundings\/milandes\/","title":{"rendered":"<!--:de-->chateau milandes<!--:--><!--:en-->chateau milandes<!--:--><!--:fr-->chateau milandes<!--:--><!--:nl-->chateau milandes<!--:-->"},"content":{"rendered":"<p><!--:de-->chateau milandes, ehemaliger Wohnsitz der Josephine Baker<br \/>\nPrivat Schloss<br \/>\nI.S.M.H. (Zus\u00e4tzliches Inventar f\u00fcr Denkmalschutz)<\/p>\n\n\t\t<style type=\"text\/css\">\n\t\t\t#gallery-1 {\n\t\t\t\tmargin: auto;\n\t\t\t}\n\t\t\t#gallery-1 .gallery-item {\n\t\t\t\tfloat: left;\n\t\t\t\tmargin-top: 10px;\n\t\t\t\ttext-align: center;\n\t\t\t\twidth: 33%;\n\t\t\t}\n\t\t\t#gallery-1 img {\n\t\t\t\tborder: 2px solid #cfcfcf;\n\t\t\t}\n\t\t\t#gallery-1 .gallery-caption {\n\t\t\t\tmargin-left: 0;\n\t\t\t}\n\t\t\t\/* see gallery_shortcode() in wp-includes\/media.php *\/\n\t\t<\/style>\n\t\t<div id='gallery-1' class='gallery galleryid-293 gallery-columns-3 gallery-size-thumbnail'><dl class='gallery-item'>\n\t\t\t<dt class='gallery-icon landscape'>\n\t\t\t\t<a href='https:\/\/www.domainedepradelle.com\/index.php\/the-surroundings\/milandes\/1-7\/'><img loading=\"lazy\" decoding=\"async\" width=\"150\" height=\"150\" src=\"https:\/\/www.domainedepradelle.com\/wp\/wp-content\/uploads\/2012\/02\/16-150x150.jpg\" class=\"attachment-thumbnail size-thumbnail\" alt=\"\" \/><\/a>\n\t\t\t<\/dt><\/dl><dl class='gallery-item'>\n\t\t\t<dt class='gallery-icon portrait'>\n\t\t\t\t<a href='https:\/\/www.domainedepradelle.com\/index.php\/the-surroundings\/milandes\/2-7\/'><img loading=\"lazy\" decoding=\"async\" width=\"150\" height=\"150\" src=\"https:\/\/www.domainedepradelle.com\/wp\/wp-content\/uploads\/2012\/02\/26-150x150.jpg\" class=\"attachment-thumbnail size-thumbnail\" alt=\"\" \/><\/a>\n\t\t\t<\/dt><\/dl><dl class='gallery-item'>\n\t\t\t<dt class='gallery-icon landscape'>\n\t\t\t\t<a href='https:\/\/www.domainedepradelle.com\/index.php\/the-surroundings\/milandes\/3-7\/'><img loading=\"lazy\" decoding=\"async\" width=\"150\" height=\"150\" src=\"https:\/\/www.domainedepradelle.com\/wp\/wp-content\/uploads\/2012\/02\/36-150x150.jpg\" class=\"attachment-thumbnail size-thumbnail\" alt=\"\" \/><\/a>\n\t\t\t<\/dt><\/dl><br style=\"clear: both\" \/>\n\t\t<\/div>\n\n<p>Auf dem Schloss Les Milandes sind die Frauen sehr angesehen! Dieses renaissancistische Schloss, mit einem phantastischen Blick auf das Dordogne Tal, wurde im Jahre 1489 vom Fran\u00e7ois de Caumont, Edelmann in Castelnaud, gebaut auf Anregung seiner Ehefrau Claude de Cardaillac. Lauze D\u00e4cher, Holzarbeiten, grosse Fenster mit Fensterl\u00e4den und gut erhaltene Blei-Glas Fenster bestimmen bautechnischen und esthetischen Reiz des Schlosses.<\/p>\n<p>Neben den renaissancistischen offenen Kaminen gibt es die Art Deco Badezimmer; die Wasserspeier beobachten den Garten und seine jahrhunderte alten Magnolien.<\/p>\n\n\t\t<style type=\"text\/css\">\n\t\t\t#gallery-2 {\n\t\t\t\tmargin: auto;\n\t\t\t}\n\t\t\t#gallery-2 .gallery-item {\n\t\t\t\tfloat: left;\n\t\t\t\tmargin-top: 10px;\n\t\t\t\ttext-align: center;\n\t\t\t\twidth: 33%;\n\t\t\t}\n\t\t\t#gallery-2 img {\n\t\t\t\tborder: 2px solid #cfcfcf;\n\t\t\t}\n\t\t\t#gallery-2 .gallery-caption {\n\t\t\t\tmargin-left: 0;\n\t\t\t}\n\t\t\t\/* see gallery_shortcode() in wp-includes\/media.php *\/\n\t\t<\/style>\n\t\t<div id='gallery-2' class='gallery galleryid-293 gallery-columns-3 gallery-size-thumbnail'><dl class='gallery-item'>\n\t\t\t<dt class='gallery-icon landscape'>\n\t\t\t\t<a href='https:\/\/www.domainedepradelle.com\/index.php\/the-surroundings\/milandes\/4-7\/'><img loading=\"lazy\" decoding=\"async\" width=\"150\" height=\"150\" src=\"https:\/\/www.domainedepradelle.com\/wp\/wp-content\/uploads\/2012\/02\/46-150x150.jpg\" class=\"attachment-thumbnail size-thumbnail\" alt=\"\" \/><\/a>\n\t\t\t<\/dt><\/dl>\n\t\t\t<br style='clear: both' \/>\n\t\t<\/div>\n\n<p>Die aussergew\u00f6hnliche Josephine Baker hat f\u00fcr immer ihre Spuren auf dem Schloss hinterlassen; es gibt dort eine Ausstellung die vollkommen Ihrem Leben gewidmet ist: Wachsfiguren aus dem Museum Gr\u00e9vin, mythische Gegenst\u00e4nde, so wie Ihr ber\u00fcmter Bananenrock, die B\u00fchnekleider und nicht ver\u00f6ffentlichte Dokumente erz\u00e4hlen Ihnen einiges \u00fcber das Schicksal der Josephine Baker.<br \/>\nNach der Besichtigung des Schlosses empfiehlt der neue Besitzer sich die prachtvolle Falknerei anzuschauen. Eine Flug-Demonstration findet statt im Garten neben dem Schloss. Sie sehen Bussards, Falken und Eulen in einer magischen Umgebung. Im Mittelalter war die Falknerei, damals eine mysterieuse und nicht anerkannte Kunst, Teil der gro\u00dfen feudalen Dom\u00e4ne.<\/p>\n<p><strong><strong><strong>chateau milandes<br \/>\n<\/strong><\/strong><\/strong>24250 Castelnaud la Chapelle<\/p>\n<p>Tel : 33-553-59-31-21<br \/>\nFax : 33-553-29-17-33<br \/>\nemail : <a href=\"mailto:josephin-les-milandes@wanadoo.fr\">josephin-les-milandes@wanadoo.fr <\/a><br \/>\n<a href=\"http:\/\/www.milandes.com\" target=\"_blank\">http:\/\/www.milandes.com<\/a><\/p>\n<p>Bron: best-of-perigord.tm.fr<!--:--><!--:en-->chateau milandes\u00a0, Former residence of Josephine Baker<br \/>\nPrivate Residence &#8211; I.S.M.H. listed<\/p>\n\n\t\t<style type=\"text\/css\">\n\t\t\t#gallery-3 {\n\t\t\t\tmargin: auto;\n\t\t\t}\n\t\t\t#gallery-3 .gallery-item {\n\t\t\t\tfloat: left;\n\t\t\t\tmargin-top: 10px;\n\t\t\t\ttext-align: center;\n\t\t\t\twidth: 33%;\n\t\t\t}\n\t\t\t#gallery-3 img {\n\t\t\t\tborder: 2px solid #cfcfcf;\n\t\t\t}\n\t\t\t#gallery-3 .gallery-caption {\n\t\t\t\tmargin-left: 0;\n\t\t\t}\n\t\t\t\/* see gallery_shortcode() in wp-includes\/media.php *\/\n\t\t<\/style>\n\t\t<div id='gallery-3' class='gallery galleryid-293 gallery-columns-3 gallery-size-thumbnail'><dl class='gallery-item'>\n\t\t\t<dt class='gallery-icon landscape'>\n\t\t\t\t<a href='https:\/\/www.domainedepradelle.com\/index.php\/the-surroundings\/milandes\/1-7\/'><img loading=\"lazy\" decoding=\"async\" width=\"150\" height=\"150\" src=\"https:\/\/www.domainedepradelle.com\/wp\/wp-content\/uploads\/2012\/02\/16-150x150.jpg\" class=\"attachment-thumbnail size-thumbnail\" alt=\"\" \/><\/a>\n\t\t\t<\/dt><\/dl><dl class='gallery-item'>\n\t\t\t<dt class='gallery-icon portrait'>\n\t\t\t\t<a href='https:\/\/www.domainedepradelle.com\/index.php\/the-surroundings\/milandes\/2-7\/'><img loading=\"lazy\" decoding=\"async\" width=\"150\" height=\"150\" src=\"https:\/\/www.domainedepradelle.com\/wp\/wp-content\/uploads\/2012\/02\/26-150x150.jpg\" class=\"attachment-thumbnail size-thumbnail\" alt=\"\" \/><\/a>\n\t\t\t<\/dt><\/dl><dl class='gallery-item'>\n\t\t\t<dt class='gallery-icon landscape'>\n\t\t\t\t<a href='https:\/\/www.domainedepradelle.com\/index.php\/the-surroundings\/milandes\/3-7\/'><img loading=\"lazy\" decoding=\"async\" width=\"150\" height=\"150\" src=\"https:\/\/www.domainedepradelle.com\/wp\/wp-content\/uploads\/2012\/02\/36-150x150.jpg\" class=\"attachment-thumbnail size-thumbnail\" alt=\"\" \/><\/a>\n\t\t\t<\/dt><\/dl><br style=\"clear: both\" \/>\n\t\t<\/div>\n\n<p>Women have the place of honour in Les Milandes!<br \/>\nBuilt in 1489 by Fran\u00e7ois de Caumont, Lord of Castelnaud, for his wife Claude de Cardaillac who wished a &#8220;house&#8221; that would be less austere than the feudal Castelnaud, this Renaissance chateau benefits from a wonderful panorama onto the valley of the Dordogne. Lauzes-covered roofs (flat stones), panellings, large mullioned windows, and wonderfully preserved stained-glass windows give it its undisputable beauty. You&#8217;ll see there Renaissance fireplaces or Art-D\u00e9co bathrooms, and gargoyles watching over the garden and over its century-old magnolias.<\/p>\n<p>Les Milandes is forever linked to the extraordinary personality of Josephine Baker; come and discover her life here: wax statues lent by Mus\u00e9e Gr\u00e9vin in Paris, mythical objects such as her genuine banana belt, stage costumes, undisclosed documents&#8230; all this to lead you to discover Josephine&#8217;s incredible destiny.<\/p>\n\n\t\t<style type=\"text\/css\">\n\t\t\t#gallery-4 {\n\t\t\t\tmargin: auto;\n\t\t\t}\n\t\t\t#gallery-4 .gallery-item {\n\t\t\t\tfloat: left;\n\t\t\t\tmargin-top: 10px;\n\t\t\t\ttext-align: center;\n\t\t\t\twidth: 33%;\n\t\t\t}\n\t\t\t#gallery-4 img {\n\t\t\t\tborder: 2px solid #cfcfcf;\n\t\t\t}\n\t\t\t#gallery-4 .gallery-caption {\n\t\t\t\tmargin-left: 0;\n\t\t\t}\n\t\t\t\/* see gallery_shortcode() in wp-includes\/media.php *\/\n\t\t<\/style>\n\t\t<div id='gallery-4' class='gallery galleryid-293 gallery-columns-3 gallery-size-thumbnail'><dl class='gallery-item'>\n\t\t\t<dt class='gallery-icon landscape'>\n\t\t\t\t<a href='https:\/\/www.domainedepradelle.com\/index.php\/the-surroundings\/milandes\/4-7\/'><img loading=\"lazy\" decoding=\"async\" width=\"150\" height=\"150\" src=\"https:\/\/www.domainedepradelle.com\/wp\/wp-content\/uploads\/2012\/02\/46-150x150.jpg\" class=\"attachment-thumbnail size-thumbnail\" alt=\"\" \/><\/a>\n\t\t\t<\/dt><\/dl>\n\t\t\t<br style='clear: both' \/>\n\t\t<\/div>\n\n<p>Once you&#8217;ve discovered the chateau, why not attend a wonderful falconry show: buzzards, hawks, owls make their show in a magical environment. If falconry is today a mysterious and rather unknown art, it used to be very much used by all feudal lords in the Middle-Ages..<\/p>\n<p><strong>chateau milandes<br \/>\n<\/strong> 24250 Castelnaud la Chapelle<br \/>\nTel : 33-553-59-31-21<br \/>\nFax : 33-553-29-17-33<br \/>\nemail : <a href=\"mailto:josephin-les-milandes@wanadoo.fr\">josephin-les-milandes@wanadoo.fr <\/a><br \/>\n<a href=\"http:\/\/www.milandes.com\" target=\"_blank\">http:\/\/www.milandes.com<\/a><\/p>\n<p>Bron: best-of-perigord.tm.fr<\/p>\n<p><!--:--><!--:fr-->chateau milandes, ancienne r\u00e9sidence de Jos\u00e9phine Baker<br \/>\nCh\u00e2teau priv\u00e9 &#8211; I.S.M.H.<\/p>\n\n\t\t<style type=\"text\/css\">\n\t\t\t#gallery-5 {\n\t\t\t\tmargin: auto;\n\t\t\t}\n\t\t\t#gallery-5 .gallery-item {\n\t\t\t\tfloat: left;\n\t\t\t\tmargin-top: 10px;\n\t\t\t\ttext-align: center;\n\t\t\t\twidth: 33%;\n\t\t\t}\n\t\t\t#gallery-5 img {\n\t\t\t\tborder: 2px solid #cfcfcf;\n\t\t\t}\n\t\t\t#gallery-5 .gallery-caption {\n\t\t\t\tmargin-left: 0;\n\t\t\t}\n\t\t\t\/* see gallery_shortcode() in wp-includes\/media.php *\/\n\t\t<\/style>\n\t\t<div id='gallery-5' class='gallery galleryid-293 gallery-columns-3 gallery-size-thumbnail'><dl class='gallery-item'>\n\t\t\t<dt class='gallery-icon landscape'>\n\t\t\t\t<a href='https:\/\/www.domainedepradelle.com\/index.php\/the-surroundings\/milandes\/1-7\/'><img loading=\"lazy\" decoding=\"async\" width=\"150\" height=\"150\" src=\"https:\/\/www.domainedepradelle.com\/wp\/wp-content\/uploads\/2012\/02\/16-150x150.jpg\" class=\"attachment-thumbnail size-thumbnail\" alt=\"\" \/><\/a>\n\t\t\t<\/dt><\/dl><dl class='gallery-item'>\n\t\t\t<dt class='gallery-icon portrait'>\n\t\t\t\t<a href='https:\/\/www.domainedepradelle.com\/index.php\/the-surroundings\/milandes\/2-7\/'><img loading=\"lazy\" decoding=\"async\" width=\"150\" height=\"150\" src=\"https:\/\/www.domainedepradelle.com\/wp\/wp-content\/uploads\/2012\/02\/26-150x150.jpg\" class=\"attachment-thumbnail size-thumbnail\" alt=\"\" \/><\/a>\n\t\t\t<\/dt><\/dl><dl class='gallery-item'>\n\t\t\t<dt class='gallery-icon landscape'>\n\t\t\t\t<a href='https:\/\/www.domainedepradelle.com\/index.php\/the-surroundings\/milandes\/3-7\/'><img loading=\"lazy\" decoding=\"async\" width=\"150\" height=\"150\" src=\"https:\/\/www.domainedepradelle.com\/wp\/wp-content\/uploads\/2012\/02\/36-150x150.jpg\" class=\"attachment-thumbnail size-thumbnail\" alt=\"\" \/><\/a>\n\t\t\t<\/dt><\/dl><br style=\"clear: both\" \/>\n\t\t<\/div>\n\n<p>Les Femmes sont \u00e0 l&#8217;honneur au Ch\u00e2teau des Milandes !<br \/>\nConstruit en 1489 par Fran\u00e7ois de Caumont, seigneur de Castelnaud, \u00e0 l&#8217;initiative de son \u00e9pouse Claude de Cardaillac, ce ch\u00e2teau Renaissance jouit d&#8217;un merveilleux panorama sur la vall\u00e9e de la Dordogne. Toits de lauzes, boiseries, larges fen\u00eatres \u00e0 meneaux et vitraux admirablement conserv\u00e9s constituent le charme architectural et esth\u00e9tique du ch\u00e2teau. Les chemin\u00e9es Renaissance c\u00f4toient les salles de bain Art-D\u00e9co, les gargouilles scrutent le jardin et ses magnolias centenaires.<\/p>\n<p>Le ch\u00e2teau est marqu\u00e9 \u00e0 jamais par l&#8217;extraordinaire Jos\u00e9phine Baker ; vous y d\u00e9couvrirez une exposition enti\u00e8rement consacr\u00e9e \u00e0 sa vie : statues en cire du mus\u00e9e Gr\u00e9vin, objets mythiques tels que la v\u00e9ritable ceinture de bananes, costumes de sc\u00e8ne, documents in\u00e9dits, vous plongent dans le fabuleux destin de Jos\u00e9phine Baker.<\/p>\n\n\t\t<style type=\"text\/css\">\n\t\t\t#gallery-6 {\n\t\t\t\tmargin: auto;\n\t\t\t}\n\t\t\t#gallery-6 .gallery-item {\n\t\t\t\tfloat: left;\n\t\t\t\tmargin-top: 10px;\n\t\t\t\ttext-align: center;\n\t\t\t\twidth: 33%;\n\t\t\t}\n\t\t\t#gallery-6 img {\n\t\t\t\tborder: 2px solid #cfcfcf;\n\t\t\t}\n\t\t\t#gallery-6 .gallery-caption {\n\t\t\t\tmargin-left: 0;\n\t\t\t}\n\t\t\t\/* see gallery_shortcode() in wp-includes\/media.php *\/\n\t\t<\/style>\n\t\t<div id='gallery-6' class='gallery galleryid-293 gallery-columns-3 gallery-size-thumbnail'><dl class='gallery-item'>\n\t\t\t<dt class='gallery-icon landscape'>\n\t\t\t\t<a href='https:\/\/www.domainedepradelle.com\/index.php\/the-surroundings\/milandes\/4-7\/'><img loading=\"lazy\" decoding=\"async\" width=\"150\" height=\"150\" src=\"https:\/\/www.domainedepradelle.com\/wp\/wp-content\/uploads\/2012\/02\/46-150x150.jpg\" class=\"attachment-thumbnail size-thumbnail\" alt=\"\" \/><\/a>\n\t\t\t<\/dt><\/dl>\n\t\t\t<br style='clear: both' \/>\n\t\t<\/div>\n\n<p>Apr\u00e8s la visite du ch\u00e2teau, les nouveaux propri\u00e9taires vous proposent une magnifique d\u00e9monstration de fauconnerie dans les jardins : buses, faucons, chouettes, hiboux \u00e9voluent dans un cadre magique.<br \/>\nArt myst\u00e9rieux et m\u00e9connu, la fauconnerie faisait partie, au Moyen-Age, des grands domaines f\u00e9odaux.<\/p>\n<p><strong>chateau milandes<br \/>\n<\/strong> 24250 Castelnaud la Chapelle<br \/>\nTel : 33-553-59-31-21<br \/>\nFax : 33-553-29-17-33<br \/>\nemail : <a href=\"mailto:josephin-les-milandes@wanadoo.fr\">josephin-les-milandes@wanadoo.fr <\/a><br \/>\n<a href=\"http:\/\/www.milandes.com\" target=\"_blank\">http:\/\/www.milandes.com<\/a><\/p>\n<p>Bron: best-of-perigord.tm.fr<!--:--><!--:nl-->Eertijds de verblijfplaats van Josephine Baker<br \/>\nHet kasteel is priv\u00e9 bezit\u00a0chateau milandes<br \/>\nI.S.M.H. (Aanvullende Inventaris van Monumentenzorg)<\/p>\n\n\t\t<style type=\"text\/css\">\n\t\t\t#gallery-7 {\n\t\t\t\tmargin: auto;\n\t\t\t}\n\t\t\t#gallery-7 .gallery-item {\n\t\t\t\tfloat: left;\n\t\t\t\tmargin-top: 10px;\n\t\t\t\ttext-align: center;\n\t\t\t\twidth: 33%;\n\t\t\t}\n\t\t\t#gallery-7 img {\n\t\t\t\tborder: 2px solid #cfcfcf;\n\t\t\t}\n\t\t\t#gallery-7 .gallery-caption {\n\t\t\t\tmargin-left: 0;\n\t\t\t}\n\t\t\t\/* see gallery_shortcode() in wp-includes\/media.php *\/\n\t\t<\/style>\n\t\t<div id='gallery-7' class='gallery galleryid-293 gallery-columns-3 gallery-size-thumbnail'><dl class='gallery-item'>\n\t\t\t<dt class='gallery-icon landscape'>\n\t\t\t\t<a href='https:\/\/www.domainedepradelle.com\/index.php\/the-surroundings\/milandes\/1-7\/'><img loading=\"lazy\" decoding=\"async\" width=\"150\" height=\"150\" src=\"https:\/\/www.domainedepradelle.com\/wp\/wp-content\/uploads\/2012\/02\/16-150x150.jpg\" class=\"attachment-thumbnail size-thumbnail\" alt=\"\" \/><\/a>\n\t\t\t<\/dt><\/dl><dl class='gallery-item'>\n\t\t\t<dt class='gallery-icon portrait'>\n\t\t\t\t<a href='https:\/\/www.domainedepradelle.com\/index.php\/the-surroundings\/milandes\/2-7\/'><img loading=\"lazy\" decoding=\"async\" width=\"150\" height=\"150\" src=\"https:\/\/www.domainedepradelle.com\/wp\/wp-content\/uploads\/2012\/02\/26-150x150.jpg\" class=\"attachment-thumbnail size-thumbnail\" alt=\"\" \/><\/a>\n\t\t\t<\/dt><\/dl><dl class='gallery-item'>\n\t\t\t<dt class='gallery-icon landscape'>\n\t\t\t\t<a href='https:\/\/www.domainedepradelle.com\/index.php\/the-surroundings\/milandes\/3-7\/'><img loading=\"lazy\" decoding=\"async\" width=\"150\" height=\"150\" src=\"https:\/\/www.domainedepradelle.com\/wp\/wp-content\/uploads\/2012\/02\/36-150x150.jpg\" class=\"attachment-thumbnail size-thumbnail\" alt=\"\" \/><\/a>\n\t\t\t<\/dt><\/dl><br style=\"clear: both\" \/>\n\t\t<\/div>\n\n<p>Vrouwen worden zeer geacht op het kasteel Les Milandes!<br \/>\nDit renaissancistische kasteel is gebouwd in 1489 door Fran\u00e7ois de Caumont, edelman te Castelnaud, op initiatief van zijn echtgenote Claude de Cardaillac en heeft een schitterend zicht op de vallei van de Dordogne. Lauzedaken, prachtig houtwerk, grote openslaande vensters en zeer goed in takt gebleven glas-in-lood ramen bepalen de bouwkundige en esthetische charme van het kasteel. De renaissancistische open haarden bevinden zich naast de Art Deco badkamers; de waterspuwers kijken uit over de tuin met haar honderden jaren oude magnolia&#8217;s.<\/p>\n\n\t\t<style type=\"text\/css\">\n\t\t\t#gallery-8 {\n\t\t\t\tmargin: auto;\n\t\t\t}\n\t\t\t#gallery-8 .gallery-item {\n\t\t\t\tfloat: left;\n\t\t\t\tmargin-top: 10px;\n\t\t\t\ttext-align: center;\n\t\t\t\twidth: 33%;\n\t\t\t}\n\t\t\t#gallery-8 img {\n\t\t\t\tborder: 2px solid #cfcfcf;\n\t\t\t}\n\t\t\t#gallery-8 .gallery-caption {\n\t\t\t\tmargin-left: 0;\n\t\t\t}\n\t\t\t\/* see gallery_shortcode() in wp-includes\/media.php *\/\n\t\t<\/style>\n\t\t<div id='gallery-8' class='gallery galleryid-293 gallery-columns-3 gallery-size-thumbnail'><dl class='gallery-item'>\n\t\t\t<dt class='gallery-icon landscape'>\n\t\t\t\t<a href='https:\/\/www.domainedepradelle.com\/index.php\/the-surroundings\/milandes\/4-7\/'><img loading=\"lazy\" decoding=\"async\" width=\"150\" height=\"150\" src=\"https:\/\/www.domainedepradelle.com\/wp\/wp-content\/uploads\/2012\/02\/46-150x150.jpg\" class=\"attachment-thumbnail size-thumbnail\" alt=\"\" \/><\/a>\n\t\t\t<\/dt><\/dl>\n\t\t\t<br style='clear: both' \/>\n\t\t<\/div>\n\n<p>De buitengewone Josephine Baker heeft voor altijd haar sporen achtergelaten op het kasteel; men toont er een expositie die volledig gewijd is aan haar leven: wassenbeelden afkomstig uit het museum Gr\u00e9vin, fabelachtige voorwerpen zoals het fameuze bananenrokje, theaterkostuums en niet in omloop gebrachte documenten vertellen U \u00e9\u00e9n en ander over het lot van Josephine Baker. Na bezichtiging van het kasteel tonen de nieuwe eigenaren U met veel plezier een fantastische valkerij demonstratie in de tuin naast het kasteel: U ziet buizerds, valken en uilen in een betoverende omgeving.<br \/>\nAls mysterieuze, niet erkende vorm van kunst, maakte de valkerij tijdens de middeleeuwen deel uit van aanzienlijke feodale domeinen.<\/p>\n<p><strong>chateau milandes<br \/>\n<\/strong> 24250 Castelnaud la Chapelle<br \/>\nTel : 33-553-59-31-21<br \/>\nFax : 33-553-29-17-33<br \/>\nemail : <a href=\"mailto:josephin-les-milandes@wanadoo.fr\">josephin-les-milandes@wanadoo.fr <\/a><br \/>\n<a href=\"http:\/\/www.milandes.com\" target=\"_blank\">http:\/\/www.milandes.com<\/a><\/p>\n<p>Bron: best-of-perigord.tm.fr<!--:--><\/p>\n","protected":false},"excerpt":{"rendered":"<p>chateau milandes, ehemaliger Wohnsitz der Josephine Baker Privat Schloss I.S.M.H. (Zus\u00e4tzliches Inventar f\u00fcr Denkmalschutz) Auf dem Schloss Les Milandes sind die Frauen sehr angesehen! Dieses renaissancistische Schloss, mit einem phantastischen Blick auf das Dordogne Tal, wurde im Jahre 1489 vom &hellip; <a href=\"https:\/\/www.domainedepradelle.com\/index.php\/the-surroundings\/milandes\/\">Continue reading <span class=\"meta-nav\">&rarr;<\/span><\/a><\/p>\n","protected":false},"author":1,"featured_media":0,"parent":55,"menu_order":0,"comment_status":"open","ping_status":"open","template":"","meta":{"footnotes":""},"class_list":["post-293","page","type-page","status-publish","hentry"],"_links":{"self":[{"href":"https:\/\/www.domainedepradelle.com\/index.php\/wp-json\/wp\/v2\/pages\/293","targetHints":{"allow":["GET"]}}],"collection":[{"href":"https:\/\/www.domainedepradelle.com\/index.php\/wp-json\/wp\/v2\/pages"}],"about":[{"href":"https:\/\/www.domainedepradelle.com\/index.php\/wp-json\/wp\/v2\/types\/page"}],"author":[{"embeddable":true,"href":"https:\/\/www.domainedepradelle.com\/index.php\/wp-json\/wp\/v2\/users\/1"}],"replies":[{"embeddable":true,"href":"https:\/\/www.domainedepradelle.com\/index.php\/wp-json\/wp\/v2\/comments?post=293"}],"version-history":[{"count":11,"href":"https:\/\/www.domainedepradelle.com\/index.php\/wp-json\/wp\/v2\/pages\/293\/revisions"}],"predecessor-version":[{"id":532,"href":"https:\/\/www.domainedepradelle.com\/index.php\/wp-json\/wp\/v2\/pages\/293\/revisions\/532"}],"up":[{"embeddable":true,"href":"https:\/\/www.domainedepradelle.com\/index.php\/wp-json\/wp\/v2\/pages\/55"}],"wp:attachment":[{"href":"https:\/\/www.domainedepradelle.com\/index.php\/wp-json\/wp\/v2\/media?parent=293"}],"curies":[{"name":"wp","href":"https:\/\/api.w.org\/{rel}","templated":true}]}}