{"id":7,"date":"2011-12-30T11:41:16","date_gmt":"2011-12-30T11:41:16","guid":{"rendered":"http:\/\/www.creating4u.nl\/domaine\/?page_id=7"},"modified":"2024-01-11T12:47:01","modified_gmt":"2024-01-11T12:47:01","slug":"home","status":"publish","type":"page","link":"https:\/\/www.domainedepradelle.com\/","title":{"rendered":"<!--:de-->Home<!--:--><!--:en-->Home<!--:--><!--:fr-->Home<!--:--><!--:nl-->Home<!--:-->"},"content":{"rendered":"<p><!--:de--><\/p>\n<p style=\"text-align: left;\"><strong><div class=\"mt-one-half\"><br \/><\/strong>Wir hei\u00dfen Sie herzlich willkommen in unserem sch\u00f6nen Landgut im gr\u00fcnen Herzen des P\u00e9rigord Noir, Umgeben von den imposanten Schl\u00f6ssers der Dordogne.<\/p>\n<p style=\"text-align: left;\" align=\"center\">Unsere registrierten Geb\u00e4ude \/ Denkmalschutz aus dem 17e. Jahrhundert und 18e. Jahrhundert hei\u00dft<\/p>\n<p style=\"text-align: left;\" align=\"center\"><a href=\"https:\/\/www.domainedepradelle.com\/wp\/wp-content\/uploads\/2011\/12\/Domaine-de-Pradelle.png\" rel=\"wp-prettyPhoto[g7]\"><img loading=\"lazy\" decoding=\"async\" class=\"alignnone size-full wp-image-734\" title=\"Domaine de Pradelle\" src=\"https:\/\/www.domainedepradelle.com\/wp\/wp-content\/uploads\/2011\/12\/Domaine-de-Pradelle.png\" alt=\"\" width=\"400\" height=\"41\" srcset=\"https:\/\/www.domainedepradelle.com\/wp\/wp-content\/uploads\/2011\/12\/Domaine-de-Pradelle.png 400w, https:\/\/www.domainedepradelle.com\/wp\/wp-content\/uploads\/2011\/12\/Domaine-de-Pradelle-300x30.png 300w\" sizes=\"auto, (max-width: 400px) 100vw, 400px\" \/><\/a><\/p>\n<p style=\"text-align: left;\" align=\"center\">Das wichtigste Hauptgeb\u00e4ude \u201c die Robuste Chartreuse&#8221; und 3 der 5 P\u00e9rigourdines mit einem Dom\u00e4ne von 10 Hektar wurden komplett renoviert und verwandelt in\u00a0 luxuri\u00f6sen Ferienh\u00e4user mit einem wundersch\u00f6nen Pool von 14,5 x 6 Meter. geschnitten aus den Felsen<\/p>\n<p style=\"text-align: left;\"><a href=\"https:\/\/www.domainedepradelle.com\/wp\/wp-content\/uploads\/2011\/12\/5-stars1.png\" rel=\"wp-prettyPhoto[g7]\"><img loading=\"lazy\" decoding=\"async\" class=\"alignnone size-full wp-image-742\" title=\"5 stars\" src=\"https:\/\/www.domainedepradelle.com\/wp\/wp-content\/uploads\/2011\/12\/5-stars1.png\" alt=\"\" width=\"205\" height=\"37\" \/><\/a><\/p>\n<p style=\"text-align: left;\"><strong>Die Namen unserer H\u00e4user sind: <\/strong>Gite 1. \u00a0\u00a0Maison Les Glycines Gite 2. \u00a0Maison Lavande Gite 3.\u00a0 Maison Les Rosiers<\/p>\n<p style=\"text-align: left;\"><strong>Wir freuen uns darauf Sie kennen zu lernen, Elly und Sebastiaan van Hooven<\/strong><\/p>\n<p style=\"text-align: left;\">Die Dordogne hat seinen Besuchern viel zu bieten: Die umliegende Natur und herrliche Ausblicke sind eine absolute Erleichterung. <strong>Komm und genie\u00df von die kulinarischen <strong>Franz\u00f6sische\u00a0<\/strong>K\u00fcche<\/div> \u00a0<a href=\"https:\/\/www.domainedepradelle.com\/wp\/wp-content\/uploads\/2011\/12\/KoosenElly.jpg\" rel=\"wp-prettyPhoto[g7]\"><img loading=\"lazy\" decoding=\"async\" class=\"alignnone wp-image-946\" src=\"https:\/\/www.domainedepradelle.com\/wp\/wp-content\/uploads\/2011\/12\/KoosenElly.jpg\" alt=\"\" width=\"450\" height=\"337\" srcset=\"https:\/\/www.domainedepradelle.com\/wp\/wp-content\/uploads\/2011\/12\/KoosenElly.jpg 709w, https:\/\/www.domainedepradelle.com\/wp\/wp-content\/uploads\/2011\/12\/KoosenElly-300x225.jpg 300w\" sizes=\"auto, (max-width: 450px) 100vw, 450px\" \/><\/a><\/strong><\/p>\n<p style=\"text-align: center;\"><a href=\"https:\/\/www.domainedepradelle.com\/wp\/wp-content\/uploads\/2011\/12\/QR-Code.jpg\" rel=\"wp-prettyPhoto[g7]\"><img loading=\"lazy\" decoding=\"async\" title=\"QR Code\" src=\"https:\/\/www.domainedepradelle.com\/wp\/wp-content\/uploads\/2011\/12\/QR-Code.jpg\" alt=\"\" width=\"153\" height=\"153\" \/><\/a><\/p>\n<p><!--:--><!--:en--><\/p>\n<p style=\"text-align: left;\" align=\"center\"><strong><div class=\"mt-one-half\"><br \/><\/strong>We warmly welcome you to our beautiful estate in the green heart of the P\u00e9rigord Noir, Surrounded by the imposing Castles of the Dordogne.<\/p>\n<p style=\"text-align: left;\" align=\"center\">Our registered monument from the 17th and 18th centuries is called<\/p>\n<p style=\"text-align: left;\"><a href=\"https:\/\/www.domainedepradelle.com\/wp\/wp-content\/uploads\/2011\/12\/Domaine-de-Pradelle.png\" rel=\"wp-prettyPhoto[g7]\"><img loading=\"lazy\" decoding=\"async\" title=\"Domaine de Pradelle\" src=\"https:\/\/www.domainedepradelle.com\/wp\/wp-content\/uploads\/2011\/12\/Domaine-de-Pradelle.png\" alt=\"\" width=\"400\" height=\"41\" \/><\/a><\/p>\n<p style=\"text-align: left;\" align=\"center\">The Main Building \u201cThe robust Chartreuse&#8221; and 3 of the 5 P\u00e9rigourdines with an estate of 10 hectares have been entirely renovated and transformed into luxurious holiday homes<\/p>\n<p style=\"text-align: left;\" align=\"center\">Holiday Accommodation with a wonderful pool of 14.5 x 6 meters, completely carved out of the rocks.<\/p>\n<p style=\"text-align: left;\"><a href=\"https:\/\/www.domainedepradelle.com\/wp\/wp-content\/uploads\/2011\/12\/5-stars1.png\" rel=\"wp-prettyPhoto[g7]\"><img loading=\"lazy\" decoding=\"async\" title=\"5 stars\" src=\"https:\/\/www.domainedepradelle.com\/wp\/wp-content\/uploads\/2011\/12\/5-stars1.png\" alt=\"\" width=\"205\" height=\"37\" \/><\/a><\/p>\n<p style=\"text-align: left;\"><strong>The names of our beautiful homes are: <\/strong>Gite 1. \u00a0\u00a0Maison Les Glycines Gite 2. \u00a0Maison Lavande Gite 3.\u00a0 Maison Les Rosiers<\/p>\n<p>We respect everyone&#8217;s opinion and do not ask for your QR pass, everyone is welcome.<\/p>\n<p style=\"text-align: left;\"><strong>We look forward to meeting you, Elly and Sebastiaan Hooven<\/strong><\/p>\n<p style=\"text-align: left;\">The Dordogne has much to offer its visitors: The surrounding nature and the beautiful scenery are breathtaking. Come and enjoy the French culinary cuisine <strong><\/div><\/strong>\u00a0<strong><a href=\"https:\/\/www.domainedepradelle.com\/wp\/wp-content\/uploads\/2011\/12\/KoosenElly.jpg\" rel=\"wp-prettyPhoto[g7]\"><img loading=\"lazy\" decoding=\"async\" class=\"alignnone wp-image-946\" src=\"https:\/\/www.domainedepradelle.com\/wp\/wp-content\/uploads\/2011\/12\/KoosenElly.jpg\" alt=\"\" width=\"450\" height=\"337\" srcset=\"https:\/\/www.domainedepradelle.com\/wp\/wp-content\/uploads\/2011\/12\/KoosenElly.jpg 709w, https:\/\/www.domainedepradelle.com\/wp\/wp-content\/uploads\/2011\/12\/KoosenElly-300x225.jpg 300w\" sizes=\"auto, (max-width: 450px) 100vw, 450px\" \/><\/a><\/strong><\/p>\n<p style=\"text-align: center;\"><a href=\"https:\/\/www.domainedepradelle.com\/wp\/wp-content\/uploads\/2011\/12\/QR-Code.jpg\" rel=\"wp-prettyPhoto[g7]\"><img loading=\"lazy\" decoding=\"async\" title=\"QR Code\" src=\"https:\/\/www.domainedepradelle.com\/wp\/wp-content\/uploads\/2011\/12\/QR-Code.jpg\" alt=\"\" width=\"153\" height=\"153\" \/><\/a><\/p>\n<p><!--:--><!--:fr--><\/p>\n<p style=\"text-align: left;\"><div class=\"mt-one-half\"><br \/>Nous vous souhaitons bienvenue dans notre belle propri\u00e9t\u00e9 dans le <strong>P\u00e9rigord Noir<\/strong>, au milieu des <strong>ch\u00e2teaux<\/strong> imposants de la r\u00e9gion de la <strong>Dordogne.<\/strong><\/p>\n<p style=\"text-align: left;\">\u00a0Notre monument est\u00a0<span style=\"font-size: 13px;\">class\u00e9<\/span><span style=\"font-size: 13px;\">\u00a0 <\/span><span style=\"font-size: 13px;\">de 17me et 18me si\u00e8cles appel\u00e9<\/span><\/p>\n<p style=\"text-align: left;\"><a href=\"https:\/\/www.domainedepradelle.com\/wp\/wp-content\/uploads\/2011\/12\/Domaine-de-Pradelle.png\" rel=\"wp-prettyPhoto[g7]\"><img loading=\"lazy\" decoding=\"async\" title=\"Domaine de Pradelle\" src=\"https:\/\/www.domainedepradelle.com\/wp\/wp-content\/uploads\/2011\/12\/Domaine-de-Pradelle.png\" alt=\"\" width=\"400\" height=\"41\" \/><\/a><\/p>\n<p style=\"text-align: left;\">Le b\u00e2timent principal &#8220;une Chartreuse&#8221; et 3 des 5 p\u00e9rigourdines avec un domaine de 10 hectares, enti\u00e8rement r\u00e9nov\u00e9 et transform\u00e9 en des maison de vacances de luxe avec un superbe piscine de 14,5 x 6 m\u00e8tres.<\/p>\n<p style=\"text-align: left;\"><a href=\"https:\/\/www.domainedepradelle.com\/wp\/wp-content\/uploads\/2011\/12\/5-stars1.png\" rel=\"wp-prettyPhoto[g7]\"><img loading=\"lazy\" decoding=\"async\" title=\"5 stars\" src=\"https:\/\/www.domainedepradelle.com\/wp\/wp-content\/uploads\/2011\/12\/5-stars1.png\" alt=\"\" width=\"205\" height=\"37\" \/><\/a><\/p>\n<p style=\"text-align: left;\"><strong>Les noms des maisons sont: <\/strong>Gite 1. \u00a0\u00a0Maison Les Glycines, Gite 2. \u00a0Maison Lavande Gite, 3.\u00a0 Maison Les Rosiers<\/p>\n<p style=\"text-align: left;\"><strong>Nous nous r\u00e9jouissons de vous rencontrer, Elly et Sebastiaan van Hooven<\/strong><\/p>\n<p style=\"text-align: left;\">La Dordogne offrir beaucoup \u00e0 ses visiteurs: La nature environnante et de belles vues sont un soulagement carr\u00e9ment. Venez et profiter de la cuisine Fran\u00e7aise gastronomique<\/div> <strong><a href=\"https:\/\/www.domainedepradelle.com\/wp\/wp-content\/uploads\/2011\/12\/KoosenElly.jpg\" rel=\"wp-prettyPhoto[g7]\"><img loading=\"lazy\" decoding=\"async\" class=\"alignnone wp-image-946\" src=\"https:\/\/www.domainedepradelle.com\/wp\/wp-content\/uploads\/2011\/12\/KoosenElly.jpg\" alt=\"\" width=\"450\" height=\"337\" srcset=\"https:\/\/www.domainedepradelle.com\/wp\/wp-content\/uploads\/2011\/12\/KoosenElly.jpg 709w, https:\/\/www.domainedepradelle.com\/wp\/wp-content\/uploads\/2011\/12\/KoosenElly-300x225.jpg 300w\" sizes=\"auto, (max-width: 450px) 100vw, 450px\" \/><\/a><\/strong><\/p>\n<p style=\"text-align: center;\"><a href=\"https:\/\/www.domainedepradelle.com\/wp\/wp-content\/uploads\/2011\/12\/QR-Code.jpg\" rel=\"wp-prettyPhoto[g7]\"><img loading=\"lazy\" decoding=\"async\" title=\"QR Code\" src=\"https:\/\/www.domainedepradelle.com\/wp\/wp-content\/uploads\/2011\/12\/QR-Code.jpg\" alt=\"\" width=\"153\" height=\"153\" \/><\/a><\/p>\n<p><!--:--><\/p>\n<p><!--:nl--><\/p>\n<p style=\"text-align: left;\" align=\"center\"><div class=\"mt-one-half\"><br \/>Wij heten U van Harte Welkom op ons prachtige Landgoed in het groene hart van de <strong>P\u00e9rigord Noir<\/strong>, te midden van het imposante <strong>Kastelengebied <\/strong>van de<strong> Dordogne<\/strong>.<\/p>\n<p style=\"text-align: left;\" align=\"center\">Ons geregistreerd monument uit de 17<sup>e<\/sup>\u00a0en 18<sup>e<\/sup> eeuw \u00a0heet<\/p>\n<p style=\"text-align: left;\" align=\"center\"><a href=\"https:\/\/www.domainedepradelle.com\/wp\/wp-content\/uploads\/2011\/12\/Domaine-de-Pradelle.png\" rel=\"wp-prettyPhoto[g7]\"><img loading=\"lazy\" decoding=\"async\" title=\"Domaine de Pradelle\" src=\"https:\/\/www.domainedepradelle.com\/wp\/wp-content\/uploads\/2011\/12\/Domaine-de-Pradelle.png\" alt=\"\" width=\"400\" height=\"41\" \/><\/a><\/p>\n<p style=\"text-align: left;\">Het Hoofdgebouw \u201cde robuuste Chartreuse\u201d en 3 van de 5 P\u00e9rigourdines met een landgoed van 10 hectaren zijn geheel gerenoveerd en omgetoverd tot een luxueus vakantie verblijf met een prachtig uit de rotsen gehakt zwembad van\u00a014,5 x 6 meter.<\/p>\n<p style=\"text-align: left;\"><a href=\"https:\/\/www.domainedepradelle.com\/wp\/wp-content\/uploads\/2011\/12\/5-stars1.png\" rel=\"wp-prettyPhoto[g7]\"><img loading=\"lazy\" decoding=\"async\" title=\"5 stars\" src=\"https:\/\/www.domainedepradelle.com\/wp\/wp-content\/uploads\/2011\/12\/5-stars1.png\" alt=\"\" width=\"205\" height=\"37\" \/><\/a><\/p>\n<p style=\"text-align: left;\"><strong>De namen van onze huizen zijn: <\/strong>Gite 1. \u00a0\u00a0Maison Les Glycines, Gite 2. \u00a0Maison Lavande, Gite 3.\u00a0 Maison Les Rosiers<\/p>\n<p style=\"text-align: left;\"><strong>Wij zien er naar uit om u te verwelkomen, Elly en Sebastiaan van Hooven<\/strong><\/p>\n<p style=\"text-align: left;\">De Dordogne heeft veel te bieden voor haar bezoekers:<\/p>\n<p style=\"text-align: left;\">De omgeving de natuur en de prachtige vergezichten zijn een regelrechte verademing. Kom en geniet ook eens van de culinaire Franse keuken<\/div><\/p>\n<p style=\"text-align: left;\"><strong><a href=\"https:\/\/www.domainedepradelle.com\/wp\/wp-content\/uploads\/2011\/12\/KoosenElly.jpg\" rel=\"wp-prettyPhoto[g7]\"><img loading=\"lazy\" decoding=\"async\" class=\"alignnone wp-image-946\" src=\"https:\/\/www.domainedepradelle.com\/wp\/wp-content\/uploads\/2011\/12\/KoosenElly.jpg\" alt=\"\" width=\"450\" height=\"337\" srcset=\"https:\/\/www.domainedepradelle.com\/wp\/wp-content\/uploads\/2011\/12\/KoosenElly.jpg 709w, https:\/\/www.domainedepradelle.com\/wp\/wp-content\/uploads\/2011\/12\/KoosenElly-300x225.jpg 300w\" sizes=\"auto, (max-width: 450px) 100vw, 450px\" \/><\/a><\/strong><\/p>\n<p style=\"text-align: center;\"><a href=\"https:\/\/www.domainedepradelle.com\/wp\/wp-content\/uploads\/2011\/12\/QR-Code.jpg\" rel=\"wp-prettyPhoto[g7]\"><img loading=\"lazy\" decoding=\"async\" title=\"QR Code\" src=\"https:\/\/www.domainedepradelle.com\/wp\/wp-content\/uploads\/2011\/12\/QR-Code.jpg\" alt=\"\" width=\"153\" height=\"153\" \/><\/a><\/p>\n<p><!--:--><\/p>\n\n\n<p><\/p>\n","protected":false},"excerpt":{"rendered":"<p>\u00a0 \u00a0<\/p>\n","protected":false},"author":1,"featured_media":0,"parent":0,"menu_order":0,"comment_status":"closed","ping_status":"open","template":"template-page-with-slider.php","meta":{"footnotes":""},"class_list":["post-7","page","type-page","status-publish","hentry"],"_links":{"self":[{"href":"https:\/\/www.domainedepradelle.com\/index.php\/wp-json\/wp\/v2\/pages\/7","targetHints":{"allow":["GET"]}}],"collection":[{"href":"https:\/\/www.domainedepradelle.com\/index.php\/wp-json\/wp\/v2\/pages"}],"about":[{"href":"https:\/\/www.domainedepradelle.com\/index.php\/wp-json\/wp\/v2\/types\/page"}],"author":[{"embeddable":true,"href":"https:\/\/www.domainedepradelle.com\/index.php\/wp-json\/wp\/v2\/users\/1"}],"replies":[{"embeddable":true,"href":"https:\/\/www.domainedepradelle.com\/index.php\/wp-json\/wp\/v2\/comments?post=7"}],"version-history":[{"count":115,"href":"https:\/\/www.domainedepradelle.com\/index.php\/wp-json\/wp\/v2\/pages\/7\/revisions"}],"predecessor-version":[{"id":1234,"href":"https:\/\/www.domainedepradelle.com\/index.php\/wp-json\/wp\/v2\/pages\/7\/revisions\/1234"}],"wp:attachment":[{"href":"https:\/\/www.domainedepradelle.com\/index.php\/wp-json\/wp\/v2\/media?parent=7"}],"curies":[{"name":"wp","href":"https:\/\/api.w.org\/{rel}","templated":true}]}}